{"id":8107,"date":"2023-09-21T10:10:11","date_gmt":"2023-09-21T08:10:11","guid":{"rendered":"https:\/\/backup.supernils.be\/?page_id=8107"},"modified":"2024-09-24T17:47:36","modified_gmt":"2024-09-24T15:47:36","slug":"elementor-8107","status":"publish","type":"page","link":"https:\/\/backup.supernils.be\/fr\/elementaire-8107\/","title":{"rendered":"Politique de confidentialit\u00e9"},"content":{"rendered":"<div data-elementor-type=\"wp-page\" data-elementor-id=\"8107\" class=\"elementor elementor-8107\" data-elementor-post-type=\"page\">\n\t\t\t\t<div class=\"elementor-element elementor-element-3ac7e07 e-flex e-con-boxed e-con e-parent\" data-id=\"3ac7e07\" data-element_type=\"container\" data-settings=\"{&quot;background_background&quot;:&quot;classic&quot;}\">\n\t\t\t\t\t<div class=\"e-con-inner\">\n\t\t\t\t<div class=\"elementor-element elementor-element-cb31b8c elementor-widget elementor-widget-spacer\" data-id=\"cb31b8c\" data-element_type=\"widget\" data-widget_type=\"spacer.default\">\n\t\t\t\t<div class=\"elementor-widget-container\">\n\t\t\t\t\t\t\t<div class=\"elementor-spacer\">\n\t\t\t<div class=\"elementor-spacer-inner\"><\/div>\n\t\t<\/div>\n\t\t\t\t\t\t<\/div>\n\t\t\t\t<\/div>\n\t\t\t\t\t<\/div>\n\t\t\t\t<\/div>\n\t\t<div class=\"elementor-element elementor-element-cb577ae e-flex e-con-boxed e-con e-parent\" data-id=\"cb577ae\" data-element_type=\"container\" data-settings=\"{&quot;background_background&quot;:&quot;classic&quot;}\">\n\t\t\t\t\t<div class=\"e-con-inner\">\n\t\t<div class=\"elementor-element elementor-element-4e0e5cb3 e-con-full e-flex e-con e-child\" data-id=\"4e0e5cb3\" data-element_type=\"container\">\n\t\t\t\t<div class=\"elementor-element elementor-element-4417ec0 elementor-widget elementor-widget-heading\" data-id=\"4417ec0\" data-element_type=\"widget\" data-widget_type=\"heading.default\">\n\t\t\t\t<div class=\"elementor-widget-container\">\n\t\t\t\t\t<h2 class=\"elementor-heading-title elementor-size-default\">Notre politique de confidentialit\u00e9<\/h2>\t\t\t\t<\/div>\n\t\t\t\t<\/div>\n\t\t\t\t<div class=\"elementor-element elementor-element-282ce998 elementor-view-default elementor-widget elementor-widget-icon\" data-id=\"282ce998\" data-element_type=\"widget\" data-widget_type=\"icon.default\">\n\t\t\t\t<div class=\"elementor-widget-container\">\n\t\t\t\t\t\t\t<div class=\"elementor-icon-wrapper\">\n\t\t\t<div class=\"elementor-icon\">\n\t\t\t\t\t\t<\/div>\n\t\t<\/div>\n\t\t\t\t\t\t<\/div>\n\t\t\t\t<\/div>\n\t\t\t\t<div class=\"elementor-element elementor-element-5dc38e17 elementor-testimonial--skin-default elementor-testimonial--layout-image_inline elementor-testimonial--align-center elementor-pagination-type-bullets elementor-widget elementor-widget-testimonial-carousel\" data-id=\"5dc38e17\" data-element_type=\"widget\" data-settings=\"{&quot;space_between&quot;:{&quot;unit&quot;:&quot;px&quot;,&quot;size&quot;:15,&quot;sizes&quot;:[]},&quot;pagination&quot;:&quot;bullets&quot;,&quot;speed&quot;:500,&quot;autoplay&quot;:&quot;yes&quot;,&quot;autoplay_speed&quot;:5000,&quot;loop&quot;:&quot;yes&quot;,&quot;pause_on_hover&quot;:&quot;yes&quot;,&quot;space_between_tablet&quot;:{&quot;unit&quot;:&quot;px&quot;,&quot;size&quot;:10,&quot;sizes&quot;:[]},&quot;space_between_mobile&quot;:{&quot;unit&quot;:&quot;px&quot;,&quot;size&quot;:10,&quot;sizes&quot;:[]}}\" data-widget_type=\"testimonial-carousel.default\">\n\t\t\t\t<div class=\"elementor-widget-container\">\n\t\t\t\t\t\t\t<div class=\"elementor-swiper\">\n\t\t\t<div class=\"elementor-main-swiper swiper-container\">\n\t\t\t\t<div class=\"swiper-wrapper\">\n\t\t\t\t\t\t\t\t\t\t\t<div class=\"swiper-slide\">\n\t\t\t\t\t\t\t\t\t<div class=\"elementor-testimonial\">\n\t\t\t\t\t\t\t<div class=\"elementor-testimonial__content\">\n\t\t\t\t\t<div class=\"elementor-testimonial__text\">\n\t\t\t\t\t\tEn fonction de la loi actuelle sur la protection de la vie priv\u00e9e (GDPR) et de la conservation et du traitement des donn\u00e9es \u00e0 caract\u00e8re personnel, vous devez accepter la note ci-dessous.\n\nIl est important que vous sachiez que nous inclurons vos donn\u00e9es personnelles dans nos dossiers\/listes de membres\/listes de donateurs. Ces donn\u00e9es ne seront utilis\u00e9es que pour assurer le suivi des adh\u00e9sions\/donations, v\u00e9rifier et r\u00e9gler les commandes r\u00e9alis\u00e9es, vous informer sur les promotions et les nouveaux produits et d\u00e9livrer d'\u00e9ventuelles attestations fiscales. Les donn\u00e9es ne seront jamais transf\u00e9r\u00e9es \u00e0 des tiers sans votre consentement pr\u00e9alable.\nChaque ann\u00e9e, nous vous pr\u00e9senterons les donn\u00e9es personnelles enregistr\u00e9es lors de l'assembl\u00e9e g\u00e9n\u00e9rale, afin que vous puissiez en v\u00e9rifier l'exactitude et l'exhaustivit\u00e9 et, le cas \u00e9ch\u00e9ant, les faire modifier gratuitement.\nVous pouvez toujours demander les informations \u00e0 notre secr\u00e9tariat (via le formulaire de contact sur le site web ou via info@supernils.be) et vous pouvez toujours demander que les informations ne soient plus utilis\u00e9es \u00e0 nos fins. \u00c0 votre demande, nous supprimerons \u00e9galement les informations de notre administration\/liste de membres\/liste de donateurs.\n\nEn outre, le site web utilise des cookies pour vous offrir la meilleure exp\u00e9rience utilisateur sur notre site. Les informations contenues dans les cookies sont stock\u00e9es dans votre navigateur et remplissent des fonctions telles que la reconnaissance de votre retour sur notre site et aident notre \u00e9quipe \u00e0 comprendre quelles sont les parties du site que vous trouvez les plus int\u00e9ressantes et les plus utiles. Vous pouvez accepter ou modifier ces cookies sur la page d'accueil, lorsque vous visitez notre site web. Vous trouverez de plus amples informations sur les cookies que nous utilisons dans les param\u00e8tres. Vous pouvez \u00e9galement y d\u00e9sactiver les cookies si vous le souhaitez. Pour ce faire, cliquez sur \"param\u00e8tres\" dans l'\u00e9cran de d\u00e9marrage.\n\nVous trouverez ci-dessous un document suppl\u00e9mentaire concernant notre politique en mati\u00e8re de protection de la vie priv\u00e9e. C'est ainsi que nous essayons de vous tenir pleinement inform\u00e9.\t\t\t\t\t<\/div>\n\t\t\t\t\t\t\t\t\t<\/div>\n\t\t\t\t\t\t<div class=\"elementor-testimonial__footer\">\n\t\t\t\t\t\t\t\t\t\t\t<\/div>\n\t\t<\/div>\n\t\t\t\t\t\t\t\t<\/div>\n\t\t\t\t\t\t\t\t\t<\/div>\n\t\t\t\t\t\t\t<\/div>\n\t\t<\/div>\n\t\t\t\t\t\t<\/div>\n\t\t\t\t<\/div>\n\t\t\t\t<\/div>\n\t\t\t\t<div class=\"elementor-element elementor-element-0d10168 elementor-widget elementor-widget-image\" data-id=\"0d10168\" data-element_type=\"widget\" data-widget_type=\"image.default\">\n\t\t\t\t<div class=\"elementor-widget-container\">\n\t\t\t\t\t\t\t\t\t\t\t\t\t\t\t<img fetchpriority=\"high\" decoding=\"async\" width=\"624\" height=\"845\" src=\"https:\/\/backup.supernils.be\/wp-content\/uploads\/2024\/09\/OK-001-Nils-muts-IMG_0778-1.jpg\" class=\"attachment-medium_large size-medium_large wp-image-15921\" alt=\"\" srcset=\"https:\/\/backup.supernils.be\/wp-content\/uploads\/2024\/09\/OK-001-Nils-muts-IMG_0778-1.jpg 624w, https:\/\/backup.supernils.be\/wp-content\/uploads\/2024\/09\/OK-001-Nils-muts-IMG_0778-1-222x300.jpg 222w, https:\/\/backup.supernils.be\/wp-content\/uploads\/2024\/09\/OK-001-Nils-muts-IMG_0778-1-9x12.jpg 9w, https:\/\/backup.supernils.be\/wp-content\/uploads\/2024\/09\/OK-001-Nils-muts-IMG_0778-1-299x405.jpg 299w, https:\/\/backup.supernils.be\/wp-content\/uploads\/2024\/09\/OK-001-Nils-muts-IMG_0778-1-572x775.jpg 572w\" sizes=\"(max-width: 624px) 100vw, 624px\" \/>\t\t\t\t\t\t\t\t\t\t\t\t\t\t\t<\/div>\n\t\t\t\t<\/div>\n\t\t\t\t<div class=\"elementor-element elementor-element-7018703f elementor-widget__width-initial elementor-widget elementor-widget-image\" data-id=\"7018703f\" data-element_type=\"widget\" data-widget_type=\"image.default\">\n\t\t\t\t<div class=\"elementor-widget-container\">\n\t\t\t\t\t\t\t\t\t\t\t\t\t\t\t<img decoding=\"async\" width=\"768\" height=\"1365\" src=\"https:\/\/backup.supernils.be\/wp-content\/uploads\/2024\/09\/OK-001-Nils-hoed-IMG_0975-1-e1726677452207-1-768x1365.jpg\" class=\"attachment-medium_large size-medium_large wp-image-15920\" alt=\"\" srcset=\"https:\/\/backup.supernils.be\/wp-content\/uploads\/2024\/09\/OK-001-Nils-hoed-IMG_0975-1-e1726677452207-1-768x1365.jpg 768w, https:\/\/backup.supernils.be\/wp-content\/uploads\/2024\/09\/OK-001-Nils-hoed-IMG_0975-1-e1726677452207-1-169x300.jpg 169w, https:\/\/backup.supernils.be\/wp-content\/uploads\/2024\/09\/OK-001-Nils-hoed-IMG_0975-1-e1726677452207-1-593x1054.jpg 593w, https:\/\/backup.supernils.be\/wp-content\/uploads\/2024\/09\/OK-001-Nils-hoed-IMG_0975-1-e1726677452207-1-864x1536.jpg 864w, https:\/\/backup.supernils.be\/wp-content\/uploads\/2024\/09\/OK-001-Nils-hoed-IMG_0975-1-e1726677452207-1-7x12.jpg 7w, https:\/\/backup.supernils.be\/wp-content\/uploads\/2024\/09\/OK-001-Nils-hoed-IMG_0975-1-e1726677452207-1-299x532.jpg 299w, https:\/\/backup.supernils.be\/wp-content\/uploads\/2024\/09\/OK-001-Nils-hoed-IMG_0975-1-e1726677452207-1-572x1017.jpg 572w, https:\/\/backup.supernils.be\/wp-content\/uploads\/2024\/09\/OK-001-Nils-hoed-IMG_0975-1-e1726677452207-1.jpg 900w\" sizes=\"(max-width: 768px) 100vw, 768px\" \/>\t\t\t\t\t\t\t\t\t\t\t\t\t\t\t<\/div>\n\t\t\t\t<\/div>\n\t\t\t\t\t<\/div>\n\t\t\t\t<\/div>\n\t\t<div class=\"elementor-element elementor-element-886fb4c e-flex e-con-boxed e-con e-parent\" data-id=\"886fb4c\" data-element_type=\"container\">\n\t\t\t\t\t<div class=\"e-con-inner\">\n\t\t\t\t<div class=\"elementor-element elementor-element-1801f57 elementor-widget elementor-widget-spacer\" data-id=\"1801f57\" data-element_type=\"widget\" data-widget_type=\"spacer.default\">\n\t\t\t\t<div class=\"elementor-widget-container\">\n\t\t\t\t\t\t\t<div class=\"elementor-spacer\">\n\t\t\t<div class=\"elementor-spacer-inner\"><\/div>\n\t\t<\/div>\n\t\t\t\t\t\t<\/div>\n\t\t\t\t<\/div>\n\t\t\t\t\t<\/div>\n\t\t\t\t<\/div>\n\t\t<div class=\"elementor-element elementor-element-611325b e-flex e-con-boxed e-con e-parent\" data-id=\"611325b\" data-element_type=\"container\">\n\t\t\t\t\t<div class=\"e-con-inner\">\n\t\t\t\t<div class=\"elementor-element elementor-element-c4b7072 elementor-widget elementor-widget-text-editor\" data-id=\"c4b7072\" data-element_type=\"widget\" data-widget_type=\"text-editor.default\">\n\t\t\t\t<div class=\"elementor-widget-container\">\n\t\t\t\t\t\t\t\t\t<div class=\"page\" title=\"Page 1\">\n<div class=\"layoutArea\">\n<div class=\"column\">\n<p><strong>Politique de confidentialit\u00e9 vzw SuperNils<\/strong><\/p>\n<\/div>\n<\/div>\n<div class=\"layoutArea\">\n<div class=\"column\">\n<p>La loi belge sur les communications \u00e9lectroniques contient des dispositions relatives aux cookies et \u00e0 leur utilisation sur les sites web. Nous souhaitons vous informer le mieux possible sur la l\u00e9gislation et sur les cookies que nous utilisons. Pour le bon fonctionnement de notre site web, nous utilisons ce que l'on appelle des \"cookies\", c'est-\u00e0-dire de petits fichiers texte qui sont stock\u00e9s localement sur votre ordinateur. Les cookies nous aident \u00e0 nous souvenir de vos choix (par exemple, le choix d'une langue, d'une lettre d'information, etc.) et \u00e0 vous proposer des services plus pertinents et d'autres informations.<\/p>\n<p>Si vous souhaitez consulter le site web de \"vzw SuperNils\", il est recommand\u00e9 d'activer les cookies. Si vous pr\u00e9f\u00e9rez ne pas le faire, vous pouvez les d\u00e9sactiver. Nous utilisons des cookies pour am\u00e9liorer votre visite sur notre site web. Les cookies que nous utilisons sont s\u00e9curis\u00e9s. Les informations que nous collectons \u00e0 l'aide des cookies nous permettent d'identifier d'\u00e9ventuelles erreurs ou de vous pr\u00e9senter des services sp\u00e9cifiques susceptibles de vous int\u00e9resser. Nous ne stockons pas d'informations directement li\u00e9es \u00e0 vous, telles que les d\u00e9tails de votre carte de cr\u00e9dit.<\/p>\n<p>Pourquoi vous parler de nos cookies de mani\u00e8re aussi d\u00e9taill\u00e9e ? La l\u00e9gislation europ\u00e9enne nous oblige \u00e0 faire preuve d'ouverture et d'honn\u00eatet\u00e9 concernant les cookies que nous utilisons. Si vous souhaitez obtenir plus d'informations, n'h\u00e9sitez pas \u00e0 nous contacter.<\/p>\n<p><strong><em>QUELS SONT LES COOKIES QUE NOUS UTILISONS ?<\/em><\/strong><\/p>\n<p>Pour consulter notre site internet, nous vous recommandons d'activer les cookies sur votre ordinateur, tablette ou t\u00e9l\u00e9phone mobile. Si les cookies ne sont pas activ\u00e9s, il se peut que nous ne soyons pas en mesure de vous garantir une visite sans probl\u00e8me sur notre site web. Si vous pr\u00e9f\u00e9rez toujours restreindre, bloquer ou supprimer les cookies de \"vzw SuperNils\", vous pouvez ajuster les param\u00e8tres de votre navigateur en cons\u00e9quence.<\/p>\n<p><em><strong>D\u00c9CLARATION DE CONFIDENTIALIT\u00c9<\/strong><\/em><\/p>\n<p>Cette d\u00e9claration d\u00e9crit comment \"vzw SuperNils\", dont le si\u00e8ge social est situ\u00e9 \u00e0 \"De Roerdomp 12 - 2920 Kalmthout-Nieuwmoer\" et dont le num\u00e9ro d'entreprise est \"BE 0712 780 942\", RPR \"Anvers\", mail : \"info@supernils.be\", traite vos donn\u00e9es \u00e0 caract\u00e8re personnel dans le cadre de ses activit\u00e9s.<\/p>\n<p>Nous visons \u00e0 traiter vos donn\u00e9es personnelles conform\u00e9ment au r\u00e8glement (UE) 2016\/679 du Parlement europ\u00e9en et du Conseil du 27 avril 2016 relatif \u00e0 la protection des personnes physiques \u00e0 l'\u00e9gard du traitement des donn\u00e9es \u00e0 caract\u00e8re personnel et \u00e0 la libre circulation de ces donn\u00e9es, et abrogeant la directive 95\/46\/CE (r\u00e8glement g\u00e9n\u00e9ral sur la protection des donn\u00e9es).<\/p>\n<p><em><strong>LES OP\u00c9RATIONS DE TRAITEMENT<\/strong><\/em><\/p>\n<p>Dans le cadre de nos activit\u00e9s, nous traitons vos donn\u00e9es personnelles (uniquement celles que vous avez fournies) \u00e0 diverses fins :<\/p>\n<ul>\n<li>\n<p>D\u00e9tails de votre organisation<\/p>\n<\/li>\n<li>\n<p>Nom et pr\u00e9nom<\/p>\n<\/li>\n<li>\n<p>Adresse (rue, num\u00e9ro de maison, num\u00e9ro de bo\u00eete, code postal et ville)<\/p>\n<\/li>\n<li>\n<p>Num\u00e9ro de registre national des personnes physiques<\/p>\n<\/li>\n<li>\n<p>Nombre d'entreprises, d'organisations et de soci\u00e9t\u00e9s<\/p>\n<\/li>\n<li>\n<p>Num\u00e9ro de t\u00e9l\u00e9phone<\/p>\n<\/li>\n<li>\n<p>Adresse \u00e9lectronique<\/p>\n<\/li>\n<li>\n<p>Adresse IP<\/p>\n<\/li>\n<\/ul>\n<\/div>\n<\/div>\n<\/div>\n<div class=\"page\" title=\"Page 2\">\n<div class=\"layoutArea\">\n<div class=\"column\">\n<ul>\n<li>\n<p>Donn\u00e9es de localisation, limit\u00e9es \u00e0 votre r\u00e9gion (comme le pays) \u00e0 des fins d'analyse<\/p>\n<\/li>\n<li>\n<p>Donn\u00e9es concernant votre comportement de navigation sur ce site web<\/p>\n<\/li>\n<li>\n<p>Navigateur Internet et type d'appareil<\/p>\n<p><em><strong>LES DONN\u00c9ES \u00c0 CARACT\u00c8RE PERSONNEL PARTICULI\u00c8RES ET\/OU SENSIBLES<\/strong><\/em><\/p>\n<p>Notre site web et\/ou service n'a pas l'intention de collecter des donn\u00e9es sur les visiteurs du site web \u00e2g\u00e9s de moins de 16 ans, \u00e0 moins qu'ils n'aient l'autorisation de leurs parents ou de leur tuteur. Toutefois, nous ne pouvons pas v\u00e9rifier si un visiteur est \u00e2g\u00e9 de plus de 16 ans.<\/p>\n<p>Nous conseillons donc aux parents de s'impliquer dans les activit\u00e9s en ligne de leurs enfants afin d'\u00e9viter la collecte de donn\u00e9es sur les enfants sans le consentement des parents.<\/p>\n<p><em><strong>P\u00c9RIODE DE CONSERVATION DES DONN\u00c9ES<\/strong><\/em><\/p>\n<p>Vos donn\u00e9es personnelles ne seront pas conserv\u00e9es plus longtemps que ce qui est strictement n\u00e9cessaire pour atteindre les objectifs pour lesquels elles ont \u00e9t\u00e9 collect\u00e9es. \u00c0 cette fin, nous utilisons les p\u00e9riodes de conservation suivantes :<\/p>\n<\/li>\n<\/ul>\n<ul>\n<li>\n<p>Gestion des clients\/adh\u00e9sions : 10 ans apr\u00e8s la fin de l'accord ;<\/p>\n<\/li>\n<li>\n<p>Marketing direct : 5 ans apr\u00e8s le dernier contact significatif, \u00e0 l'exception des cas suivants<\/p>\n<p>le renouvellement de cette dur\u00e9e est possible sous r\u00e9serve de votre consentement ;<\/p>\n<\/li>\n<li>\n<p>Respect de toute obligation l\u00e9gale : conservation conform\u00e9ment aux p\u00e9riodes de conservation l\u00e9gales.<\/p>\n<p><em><strong>FINALITES DU TRAITEMENT DES DONNEES A CARACTERE PERSONNEL<\/strong><\/em><\/p>\n<p>\"L'asbl SuperNils traite vos donn\u00e9es aux fins suivantes :<\/p>\n<\/li>\n<\/ul>\n<ul>\n<li>\n<p>Pour vous appeler ou vous envoyer un courrier \u00e9lectronique, si n\u00e9cessaire, afin de fournir nos services ou de renouveler des adh\u00e9sions ;<\/p>\n<\/li>\n<li>\n<p>Courriel pour l'envoi de bulletins d'information<\/p>\n<\/li>\n<li>\n<p>Donn\u00e9es d'adresse pour l'exp\u00e9dition, la livraison de produits d'action ou la fourniture d'un service demand\u00e9 par vous<\/p>\n<\/li><li><p>Votre num\u00e9ro de registre national (personne physique) ou votre num\u00e9ro d'entreprise (entreprise) pour pr\u00e9parer et pouvoir d\u00e9livrer des attestations fiscales.<\/p><\/li>\n<li>\n<p>Analyser votre comportement de navigation sur le site web afin de l'am\u00e9liorer et d'adapter l'offre de services \u00e0 vos pr\u00e9f\u00e9rences ;<\/p>\n<\/li>\n<li>\n<p>Nous faisons appel \u00e0 un certain nombre de sous-traitants techniques, par exemple pour l'h\u00e9bergement du site web, des fichiers et des dossiers, sous r\u00e9serve de la mise en \u0153uvre des accords de traitement n\u00e9cessaires.<\/p>\n<p><em><strong>S\u00c9CURIT\u00c9 DU TRAITEMENT<\/strong><\/em><\/p>\n<p>Nous avons \u00e9labor\u00e9 une protection appropri\u00e9e pour les donn\u00e9es personnelles que nous traitons.<\/p>\n<p>Aucun syst\u00e8me d'information ne peut garantir la s\u00e9curit\u00e9 de 100%. Nous nous effor\u00e7ons d'am\u00e9liorer en permanence la s\u00e9curit\u00e9 de nos syst\u00e8mes. Vous avez \u00e9galement un r\u00f4le important \u00e0 jouer dans la s\u00e9curit\u00e9 de vos donn\u00e9es personnelles, notamment en pr\u00e9servant la confidentialit\u00e9 et la protection ad\u00e9quate des informations relatives \u00e0 votre compte et en utilisant notre site\/services avec vigilance.<\/p>\n<p><em><strong>VOS DROITS<\/strong><\/em><\/p>\n<p>Le r\u00e8glement g\u00e9n\u00e9ral sur la protection des donn\u00e9es vous accorde un certain nombre de droits concernant vos donn\u00e9es personnelles :<\/p>\n<\/li>\n<\/ul>\n<ul>\n<li>\n<p>Le droit d'acc\u00e8s et de rectification de vos donn\u00e9es personnelles ;<\/p>\n<\/li>\n<li>\n<p>Le droit de s'opposer au traitement de vos donn\u00e9es \u00e0 caract\u00e8re personnel \u00e0 des fins<\/p>\n<p>du marketing direct et le droit g\u00e9n\u00e9ral d'opposition fond\u00e9 sur les circonstances propres \u00e0 chaque pays.<\/p>\n<p>\u00e0 votre situation sp\u00e9cifique ;<\/p>\n<\/li>\n<li>\n<p>Le droit \u00e0 l'effacement et \u00e0 la limitation des donn\u00e9es et le droit \u00e0 l'oubli ;<\/p>\n<\/li>\n<\/ul>\n<\/div>\n<\/div>\n<\/div>\n<div class=\"page\" title=\"Page 3\">\n<div class=\"layoutArea\">\n<div class=\"column\">\n<ul>\n<li>\n<p>Le droit de retirer son consentement \u00e0 tout moment ;<\/p>\n<\/li>\n<li>\n<p>Le droit \u00e0 la portabilit\u00e9 des donn\u00e9es ;<\/p>\n<\/li>\n<li>\n<p>Le droit de se plaindre aupr\u00e8s de l'autorit\u00e9 de protection des donn\u00e9es.<\/p>\n<p>Avant de d\u00e9poser une plainte, nous vous encourageons \u00e0 nous contacter pour trouver une solution rapide \u00e0 votre plainte.<\/p>\n<p>L'exercice de ces droits est soumis \u00e0 certaines conditions par l'AVG.<\/p>\n<p><em><strong>COMMENT NOUS CONTACTER ?<\/strong><\/em><\/p>\n<p>Vous pouvez toujours nous contacter par \"mail : info@supernils.be ou via la page de contact de notre site web : www.supernils.be\"<\/p>\n<p>AMENDEMENTS<\/p>\n<p>Nous nous r\u00e9servons le droit de modifier cette d\u00e9claration de temps \u00e0 autre. Si les modifications sont substantielles, nous vous en informerons par le biais d'un avis sur notre site web.<\/p>\n<\/li>\n<\/ul>\n<\/div>\n<\/div>\n<\/div>\t\t\t\t\t\t\t\t<\/div>\n\t\t\t\t<\/div>\n\t\t\t\t\t<\/div>\n\t\t\t\t<\/div>\n\t\t<div class=\"elementor-element elementor-element-6d83729 e-flex e-con-boxed e-con e-parent\" data-id=\"6d83729\" data-element_type=\"container\">\n\t\t\t\t\t<div class=\"e-con-inner\">\n\t\t\t\t<div class=\"elementor-element elementor-element-f2a752b elementor-widget elementor-widget-spacer\" data-id=\"f2a752b\" data-element_type=\"widget\" data-widget_type=\"spacer.default\">\n\t\t\t\t<div class=\"elementor-widget-container\">\n\t\t\t\t\t\t\t<div class=\"elementor-spacer\">\n\t\t\t<div class=\"elementor-spacer-inner\"><\/div>\n\t\t<\/div>\n\t\t\t\t\t\t<\/div>\n\t\t\t\t<\/div>\n\t\t\t\t\t<\/div>\n\t\t\t\t<\/div>\n\t\t\t\t<\/div>","protected":false},"excerpt":{"rendered":"<p>Onze Privacy Policy In functie van de huidige wet op de privacy (GDPR) en het bewaren en verwerken van persoonsgegevens, moet je akkoord gaan met onderstaande nota. Het is belangrijk dat je weet dat we jouw persoonlijke gegevens zullen opnemen in onze administratie\/ledenlijsten\/lijsten donateurs. Deze gegevens worden alleen gebruikt om het lidmaatschap\/donateurschap op te volgen, [&hellip;]<\/p>","protected":false},"author":2,"featured_media":0,"parent":0,"menu_order":0,"comment_status":"closed","ping_status":"closed","template":"","meta":{"_themeisle_gutenberg_block_has_review":false,"footnotes":""},"class_list":["post-8107","page","type-page","status-publish","hentry"],"_links":{"self":[{"href":"https:\/\/backup.supernils.be\/fr\/wp-json\/wp\/v2\/pages\/8107","targetHints":{"allow":["GET"]}}],"collection":[{"href":"https:\/\/backup.supernils.be\/fr\/wp-json\/wp\/v2\/pages"}],"about":[{"href":"https:\/\/backup.supernils.be\/fr\/wp-json\/wp\/v2\/types\/page"}],"author":[{"embeddable":true,"href":"https:\/\/backup.supernils.be\/fr\/wp-json\/wp\/v2\/users\/2"}],"replies":[{"embeddable":true,"href":"https:\/\/backup.supernils.be\/fr\/wp-json\/wp\/v2\/comments?post=8107"}],"version-history":[{"count":26,"href":"https:\/\/backup.supernils.be\/fr\/wp-json\/wp\/v2\/pages\/8107\/revisions"}],"predecessor-version":[{"id":16283,"href":"https:\/\/backup.supernils.be\/fr\/wp-json\/wp\/v2\/pages\/8107\/revisions\/16283"}],"wp:attachment":[{"href":"https:\/\/backup.supernils.be\/fr\/wp-json\/wp\/v2\/media?parent=8107"}],"curies":[{"name":"wp","href":"https:\/\/api.w.org\/{rel}","templated":true}]}}