{"id":8059,"date":"2023-09-19T21:29:47","date_gmt":"2023-09-19T19:29:47","guid":{"rendered":"https:\/\/backup.supernils.be\/?page_id=8059"},"modified":"2024-09-24T17:36:16","modified_gmt":"2024-09-24T15:36:16","slug":"elementor-8059","status":"publish","type":"page","link":"https:\/\/backup.supernils.be\/fr\/elementaire-8059\/","title":{"rendered":"Nos partenaires"},"content":{"rendered":"<div data-elementor-type=\"wp-page\" data-elementor-id=\"8059\" class=\"elementor elementor-8059\" data-elementor-post-type=\"page\">\n\t\t\t\t<div class=\"elementor-element elementor-element-941afa3 e-flex e-con-boxed e-con e-parent\" data-id=\"941afa3\" data-element_type=\"container\" data-settings=\"{&quot;background_background&quot;:&quot;classic&quot;}\">\n\t\t\t\t\t<div class=\"e-con-inner\">\n\t\t\t\t<div class=\"elementor-element elementor-element-d150d22 elementor-widget elementor-widget-spacer\" data-id=\"d150d22\" data-element_type=\"widget\" data-widget_type=\"spacer.default\">\n\t\t\t\t<div class=\"elementor-widget-container\">\n\t\t\t\t\t\t\t<div class=\"elementor-spacer\">\n\t\t\t<div class=\"elementor-spacer-inner\"><\/div>\n\t\t<\/div>\n\t\t\t\t\t\t<\/div>\n\t\t\t\t<\/div>\n\t\t\t\t\t<\/div>\n\t\t\t\t<\/div>\n\t\t<div class=\"elementor-element elementor-element-1fbfed45 e-flex e-con-boxed e-con e-parent\" data-id=\"1fbfed45\" data-element_type=\"container\" data-settings=\"{&quot;background_background&quot;:&quot;classic&quot;}\">\n\t\t\t\t\t<div class=\"e-con-inner\">\n\t\t\t\t<div class=\"elementor-element elementor-element-67c8842 elementor-cta--layout-image-right elementor-cta--mobile-layout-image-above elementor-cta--skin-classic elementor-animated-content elementor-bg-transform elementor-bg-transform-zoom-in elementor-widget elementor-widget-call-to-action\" data-id=\"67c8842\" data-element_type=\"widget\" data-widget_type=\"call-to-action.default\">\n\t\t\t\t<div class=\"elementor-widget-container\">\n\t\t\t\t\t\t\t<div class=\"elementor-cta\">\n\t\t\t\t\t<div class=\"elementor-cta__bg-wrapper\">\n\t\t\t\t<div class=\"elementor-cta__bg elementor-bg\" style=\"background-image: url(https:\/\/backup.supernils.be\/wp-content\/uploads\/2024\/09\/OK-001-UZ-Gent-groep-271688289_230105875964706_3882792553289003740_n-1.jpg);\" role=\"img\" aria-label=\"OK-001-UZ Gent groep-271688289_230105875964706_3882792553289003740_n\"><\/div>\n\t\t\t\t<div class=\"elementor-cta__bg-overlay\"><\/div>\n\t\t\t<\/div>\n\t\t\t\t\t\t\t<div class=\"elementor-cta__content\">\n\t\t\t\t\n\t\t\t\t\n\t\t\t\t\t\t\t\t\t<div class=\"elementor-cta__description elementor-cta__content-item elementor-content-item\">\n\t\t\t\t\t\tSans partenaires ... pas d'organisation\t\t\t\t\t<\/div>\n\t\t\t\t\n\t\t\t\t\t\t\t\t\t<div class=\"elementor-cta__button-wrapper elementor-cta__content-item elementor-content-item\">\n\t\t\t\t\t<a class=\"elementor-cta__button elementor-button elementor-size-lg\" href=\"https:\/\/backup.supernils.be\/fr\/contact\/\">\n\t\t\t\t\t\tVous souhaitez devenir notre partenaire ?\t\t\t\t\t<\/a>\n\t\t\t\t\t<\/div>\n\t\t\t\t\t\t\t<\/div>\n\t\t\t\t\t\t<\/div>\n\t\t\t\t\t\t<\/div>\n\t\t\t\t<\/div>\n\t\t\t\t\t<\/div>\n\t\t\t\t<\/div>\n\t\t<div class=\"elementor-element elementor-element-ede9bf4 e-flex e-con-boxed e-con e-parent\" data-id=\"ede9bf4\" data-element_type=\"container\">\n\t\t\t\t\t<div class=\"e-con-inner\">\n\t\t\t\t<div class=\"elementor-element elementor-element-8c6e7dc elementor-widget elementor-widget-spacer\" data-id=\"8c6e7dc\" data-element_type=\"widget\" data-widget_type=\"spacer.default\">\n\t\t\t\t<div class=\"elementor-widget-container\">\n\t\t\t\t\t\t\t<div class=\"elementor-spacer\">\n\t\t\t<div class=\"elementor-spacer-inner\"><\/div>\n\t\t<\/div>\n\t\t\t\t\t\t<\/div>\n\t\t\t\t<\/div>\n\t\t\t\t\t<\/div>\n\t\t\t\t<\/div>\n\t\t<div class=\"elementor-element elementor-element-ce56d27 e-con-full e-flex e-con e-parent\" data-id=\"ce56d27\" data-element_type=\"container\">\n\t\t\t\t<div class=\"elementor-element elementor-element-1e6543c elementor-widget elementor-widget-text-editor\" data-id=\"1e6543c\" data-element_type=\"widget\" data-widget_type=\"text-editor.default\">\n\t\t\t\t<div class=\"elementor-widget-container\">\n\t\t\t\t\t\t\t\t\t<p>L'Asbl SuperNils a plusieurs partenaires.<\/p><p>Nous avons des personnes qui nous aident dans le fonctionnement et la r\u00e9alisation des objectifs, il y a bien s\u00fbr les h\u00f4pitaux dont nous soutenons les patients et puis nous avons un grand nombre de personnes\/entreprises qui croient en nous et le montrent en faisant un don. Tous apportent une valeur ajout\u00e9e \u00e0 notre action, sans laquelle nous ne pourrions pas continuer \u00e0 exister. C'est pourquoi nous appr\u00e9cions grandement chacun d'entre eux !<\/p><p>Nous aimerions vous pr\u00e9senter bri\u00e8vement ces partenaires. Bien entendu, cette page est en constante \u00e9volution. De plus, nous ne pr\u00e9sentons que les partenaires qui nous soutiennent actuellement (ann\u00e9e civile en cours). Ce faisant, nous n'oublions pas les partenaires des ann\u00e9es pr\u00e9c\u00e9dentes et nous leur sommes reconnaissants pour ce qu'ils ont fait !<\/p>\t\t\t\t\t\t\t\t<\/div>\n\t\t\t\t<\/div>\n\t\t\t\t<\/div>\n\t\t<div class=\"elementor-element elementor-element-8dc9cae e-con-full e-flex e-con e-parent\" data-id=\"8dc9cae\" data-element_type=\"container\">\n\t\t<div class=\"elementor-element elementor-element-4d49288 e-con-full e-flex e-con e-child\" data-id=\"4d49288\" data-element_type=\"container\">\n\t\t\t\t<div class=\"elementor-element elementor-element-535822e elementor-widget elementor-widget-counter\" data-id=\"535822e\" data-element_type=\"widget\" data-widget_type=\"counter.default\">\n\t\t\t\t<div class=\"elementor-widget-container\">\n\t\t\t\t\t\t\t<div class=\"elementor-counter\">\n\t\t\t<div class=\"elementor-counter-title\">Nos partenaires<\/div>\t\t\t<div class=\"elementor-counter-number-wrapper\">\n\t\t\t\t<span class=\"elementor-counter-number-prefix\"><\/span>\n\t\t\t\t<span class=\"elementor-counter-number\" data-duration=\"2000\" data-to-value=\"12\" data-from-value=\"0\" data-delimiter=\",\">0<\/span>\n\t\t\t\t<span class=\"elementor-counter-number-suffix\"><\/span>\n\t\t\t<\/div>\n\t\t<\/div>\n\t\t\t\t\t\t<\/div>\n\t\t\t\t<\/div>\n\t\t\t\t<\/div>\n\t\t<div class=\"elementor-element elementor-element-e172884 e-con-full e-flex e-con e-child\" data-id=\"e172884\" data-element_type=\"container\">\n\t\t\t\t<div class=\"elementor-element elementor-element-395b2fe elementor-widget elementor-widget-counter\" data-id=\"395b2fe\" data-element_type=\"widget\" data-widget_type=\"counter.default\">\n\t\t\t\t<div class=\"elementor-widget-container\">\n\t\t\t\t\t\t\t<div class=\"elementor-counter\">\n\t\t\t<div class=\"elementor-counter-title\">Les h\u00f4pitaux<\/div>\t\t\t<div class=\"elementor-counter-number-wrapper\">\n\t\t\t\t<span class=\"elementor-counter-number-prefix\"><\/span>\n\t\t\t\t<span class=\"elementor-counter-number\" data-duration=\"2000\" data-to-value=\"7\" data-from-value=\"0\" data-delimiter=\",\">0<\/span>\n\t\t\t\t<span class=\"elementor-counter-number-suffix\"><\/span>\n\t\t\t<\/div>\n\t\t<\/div>\n\t\t\t\t\t\t<\/div>\n\t\t\t\t<\/div>\n\t\t\t\t<\/div>\n\t\t<div class=\"elementor-element elementor-element-6f5e6f8 e-con-full e-flex e-con e-child\" data-id=\"6f5e6f8\" data-element_type=\"container\">\n\t\t\t\t<div class=\"elementor-element elementor-element-4ef057e elementor-widget elementor-widget-counter\" data-id=\"4ef057e\" data-element_type=\"widget\" data-widget_type=\"counter.default\">\n\t\t\t\t<div class=\"elementor-widget-container\">\n\t\t\t\t\t\t\t<div class=\"elementor-counter\">\n\t\t\t<div class=\"elementor-counter-title\">Nombre de membres<\/div>\t\t\t<div class=\"elementor-counter-number-wrapper\">\n\t\t\t\t<span class=\"elementor-counter-number-prefix\"><\/span>\n\t\t\t\t<span class=\"elementor-counter-number\" data-duration=\"2000\" data-to-value=\"59\" data-from-value=\"0\" data-delimiter=\",\">0<\/span>\n\t\t\t\t<span class=\"elementor-counter-number-suffix\"><\/span>\n\t\t\t<\/div>\n\t\t<\/div>\n\t\t\t\t\t\t<\/div>\n\t\t\t\t<\/div>\n\t\t\t\t<\/div>\n\t\t<div class=\"elementor-element elementor-element-89ba4c0 e-con-full e-flex e-con e-child\" data-id=\"89ba4c0\" data-element_type=\"container\">\n\t\t\t\t<div class=\"elementor-element elementor-element-7851609 elementor-widget elementor-widget-counter\" data-id=\"7851609\" data-element_type=\"widget\" data-widget_type=\"counter.default\">\n\t\t\t\t<div class=\"elementor-widget-container\">\n\t\t\t\t\t\t\t<div class=\"elementor-counter\">\n\t\t\t<div class=\"elementor-counter-title\">Parrains<\/div>\t\t\t<div class=\"elementor-counter-number-wrapper\">\n\t\t\t\t<span class=\"elementor-counter-number-prefix\"><\/span>\n\t\t\t\t<span class=\"elementor-counter-number\" data-duration=\"2000\" data-to-value=\"14\" data-from-value=\"0\" data-delimiter=\",\">0<\/span>\n\t\t\t\t<span class=\"elementor-counter-number-suffix\"><\/span>\n\t\t\t<\/div>\n\t\t<\/div>\n\t\t\t\t\t\t<\/div>\n\t\t\t\t<\/div>\n\t\t\t\t<\/div>\n\t\t\t\t<\/div>\n\t\t<div class=\"elementor-element elementor-element-91358fb e-flex e-con-boxed e-con e-parent\" data-id=\"91358fb\" data-element_type=\"container\">\n\t\t\t\t\t<div class=\"e-con-inner\">\n\t\t\t\t<div class=\"elementor-element elementor-element-2077c4a elementor-widget elementor-widget-spacer\" data-id=\"2077c4a\" data-element_type=\"widget\" data-widget_type=\"spacer.default\">\n\t\t\t\t<div class=\"elementor-widget-container\">\n\t\t\t\t\t\t\t<div class=\"elementor-spacer\">\n\t\t\t<div class=\"elementor-spacer-inner\"><\/div>\n\t\t<\/div>\n\t\t\t\t\t\t<\/div>\n\t\t\t\t<\/div>\n\t\t\t\t\t<\/div>\n\t\t\t\t<\/div>\n\t\t<div class=\"elementor-element elementor-element-2922b658 e-flex e-con-boxed e-con e-parent\" data-id=\"2922b658\" data-element_type=\"container\" data-settings=\"{&quot;background_background&quot;:&quot;classic&quot;}\">\n\t\t\t\t\t<div class=\"e-con-inner\">\n\t\t<div class=\"elementor-element elementor-element-57231e38 e-con-full e-flex e-con e-child\" data-id=\"57231e38\" data-element_type=\"container\" data-settings=\"{&quot;animation&quot;:&quot;none&quot;}\">\n\t\t\t\t<div class=\"elementor-element elementor-element-4b1856e0 elementor-invisible elementor-widget elementor-widget-heading\" data-id=\"4b1856e0\" data-element_type=\"widget\" data-settings=\"{&quot;_animation&quot;:&quot;fadeInUp&quot;}\" data-widget_type=\"heading.default\">\n\t\t\t\t<div class=\"elementor-widget-container\">\n\t\t\t\t\t<h2 class=\"elementor-heading-title elementor-size-default\">Ce sont eux <\/h2>\t\t\t\t<\/div>\n\t\t\t\t<\/div>\n\t\t\t\t<div class=\"elementor-element elementor-element-10d7512d elementor-invisible elementor-widget elementor-widget-heading\" data-id=\"10d7512d\" data-element_type=\"widget\" data-settings=\"{&quot;_animation&quot;:&quot;fadeInUp&quot;}\" data-widget_type=\"heading.default\">\n\t\t\t\t<div class=\"elementor-widget-container\">\n\t\t\t\t\t<h3 class=\"elementor-heading-title elementor-size-default\">Nos partenaires tr\u00e8s appr\u00e9ci\u00e9s. <br> Vous voulez en savoir plus ? Cliquez sur les chiffres.<\/h3>\t\t\t\t<\/div>\n\t\t\t\t<\/div>\n\t\t\t\t<\/div>\n\t\t<div class=\"elementor-element elementor-element-35089a7a e-con-full e-flex e-con e-child\" data-id=\"35089a7a\" data-element_type=\"container\" data-settings=\"{&quot;animation&quot;:&quot;none&quot;}\">\n\t\t<div class=\"elementor-element elementor-element-317b768 e-con-full e-flex e-con e-child\" data-id=\"317b768\" data-element_type=\"container\">\n\t\t\t\t<div class=\"elementor-element elementor-element-ca9cc8e elementor-widget-divider--view-line elementor-invisible elementor-widget elementor-widget-divider\" data-id=\"ca9cc8e\" data-element_type=\"widget\" data-settings=\"{&quot;_animation&quot;:&quot;fadeInLeft&quot;}\" data-widget_type=\"divider.default\">\n\t\t\t\t<div class=\"elementor-widget-container\">\n\t\t\t\t\t\t\t<div class=\"elementor-divider\">\n\t\t\t<span class=\"elementor-divider-separator\">\n\t\t\t\t\t\t<\/span>\n\t\t<\/div>\n\t\t\t\t\t\t<\/div>\n\t\t\t\t<\/div>\n\t\t\t\t<div class=\"elementor-element elementor-element-58e6f904 animated-slow elementor-invisible elementor-widget elementor-widget-heading\" data-id=\"58e6f904\" data-element_type=\"widget\" data-settings=\"{&quot;_animation&quot;:&quot;fadeIn&quot;,&quot;_animation_delay&quot;:&quot;100&quot;}\" data-widget_type=\"heading.default\">\n\t\t\t\t<div class=\"elementor-widget-container\">\n\t\t\t\t\t<span class=\"elementor-heading-title elementor-size-default\"><a href=\"https:\/\/backup.supernils.be\/fr\/elementaire-8224\/\">01<\/a><\/span>\t\t\t\t<\/div>\n\t\t\t\t<\/div>\n\t\t\t\t<div class=\"elementor-element elementor-element-6b305ce7 elementor-widget elementor-widget-icon-box\" data-id=\"6b305ce7\" data-element_type=\"widget\" data-widget_type=\"icon-box.default\">\n\t\t\t\t<div class=\"elementor-widget-container\">\n\t\t\t\t\t\t\t<div class=\"elementor-icon-box-wrapper\">\n\n\t\t\t\n\t\t\t\t\t\t<div class=\"elementor-icon-box-content\">\n\n\t\t\t\t\t\t\t\t\t<h4 class=\"elementor-icon-box-title\">\n\t\t\t\t\t\t<span  >\n\t\t\t\t\t\t\tNos partenaires\t\t\t\t\t\t<\/span>\n\t\t\t\t\t<\/h4>\n\t\t\t\t\n\t\t\t\t\t\t\t\t\t<p class=\"elementor-icon-box-description\">\n\t\t\t\t\t\tIls collaborent \u00e0 des projets, soutiennent nos activit\u00e9s et nous aident \u00e0 atteindre nos objectifs.<br>\t\t\t\t\t<\/p>\n\t\t\t\t\n\t\t\t<\/div>\n\t\t\t\n\t\t<\/div>\n\t\t\t\t\t\t<\/div>\n\t\t\t\t<\/div>\n\t\t\t\t<\/div>\n\t\t<div class=\"elementor-element elementor-element-5d4dbc55 e-con-full e-flex e-con e-child\" data-id=\"5d4dbc55\" data-element_type=\"container\">\n\t\t\t\t<div class=\"elementor-element elementor-element-2a3a0cad elementor-widget-divider--view-line elementor-invisible elementor-widget elementor-widget-divider\" data-id=\"2a3a0cad\" data-element_type=\"widget\" data-settings=\"{&quot;_animation&quot;:&quot;fadeInLeft&quot;}\" data-widget_type=\"divider.default\">\n\t\t\t\t<div class=\"elementor-widget-container\">\n\t\t\t\t\t\t\t<div class=\"elementor-divider\">\n\t\t\t<span class=\"elementor-divider-separator\">\n\t\t\t\t\t\t<\/span>\n\t\t<\/div>\n\t\t\t\t\t\t<\/div>\n\t\t\t\t<\/div>\n\t\t\t\t<div class=\"elementor-element elementor-element-6d9d54bf animated-slow elementor-invisible elementor-widget elementor-widget-heading\" data-id=\"6d9d54bf\" data-element_type=\"widget\" data-settings=\"{&quot;_animation&quot;:&quot;fadeIn&quot;,&quot;_animation_delay&quot;:&quot;100&quot;}\" data-widget_type=\"heading.default\">\n\t\t\t\t<div class=\"elementor-widget-container\">\n\t\t\t\t\t<span class=\"elementor-heading-title elementor-size-default\"><a href=\"https:\/\/backup.supernils.be\/fr\/elementaire-8173\/\">02<\/a><\/span>\t\t\t\t<\/div>\n\t\t\t\t<\/div>\n\t\t\t\t<div class=\"elementor-element elementor-element-22d0a2fc elementor-widget elementor-widget-icon-box\" data-id=\"22d0a2fc\" data-element_type=\"widget\" data-widget_type=\"icon-box.default\">\n\t\t\t\t<div class=\"elementor-widget-container\">\n\t\t\t\t\t\t\t<div class=\"elementor-icon-box-wrapper\">\n\n\t\t\t\n\t\t\t\t\t\t<div class=\"elementor-icon-box-content\">\n\n\t\t\t\t\t\t\t\t\t<h4 class=\"elementor-icon-box-title\">\n\t\t\t\t\t\t<span  >\n\t\t\t\t\t\t\tNotre groupe cible\t\t\t\t\t\t<\/span>\n\t\t\t\t\t<\/h4>\n\t\t\t\t\n\t\t\t\t\t\t\t\t\t<p class=\"elementor-icon-box-description\">\n\t\t\t\t\t\tIl s'agit des h\u00f4pitaux partenaires et de leurs patients des services d'onco-h\u00e9matologie.<br>\n\n\n\n\n\n\n\n\t\t\t\t\t<\/p>\n\t\t\t\t\n\t\t\t<\/div>\n\t\t\t\n\t\t<\/div>\n\t\t\t\t\t\t<\/div>\n\t\t\t\t<\/div>\n\t\t\t\t<\/div>\n\t\t<div class=\"elementor-element elementor-element-3c72247 e-con-full e-flex e-con e-child\" data-id=\"3c72247\" data-element_type=\"container\">\n\t\t\t\t<div class=\"elementor-element elementor-element-22ba1fea elementor-widget-divider--view-line elementor-invisible elementor-widget elementor-widget-divider\" data-id=\"22ba1fea\" data-element_type=\"widget\" data-settings=\"{&quot;_animation&quot;:&quot;fadeInLeft&quot;}\" data-widget_type=\"divider.default\">\n\t\t\t\t<div class=\"elementor-widget-container\">\n\t\t\t\t\t\t\t<div class=\"elementor-divider\">\n\t\t\t<span class=\"elementor-divider-separator\">\n\t\t\t\t\t\t<\/span>\n\t\t<\/div>\n\t\t\t\t\t\t<\/div>\n\t\t\t\t<\/div>\n\t\t\t\t<div class=\"elementor-element elementor-element-25f45546 animated-slow elementor-invisible elementor-widget elementor-widget-heading\" data-id=\"25f45546\" data-element_type=\"widget\" data-settings=\"{&quot;_animation&quot;:&quot;fadeIn&quot;,&quot;_animation_delay&quot;:&quot;100&quot;}\" data-widget_type=\"heading.default\">\n\t\t\t\t<div class=\"elementor-widget-container\">\n\t\t\t\t\t<span class=\"elementor-heading-title elementor-size-default\"><a href=\"https:\/\/backup.supernils.be\/fr\/elementor-8355-2\/\">03<\/a><\/span>\t\t\t\t<\/div>\n\t\t\t\t<\/div>\n\t\t\t\t<div class=\"elementor-element elementor-element-3ac2c0f7 elementor-widget elementor-widget-icon-box\" data-id=\"3ac2c0f7\" data-element_type=\"widget\" data-widget_type=\"icon-box.default\">\n\t\t\t\t<div class=\"elementor-widget-container\">\n\t\t\t\t\t\t\t<div class=\"elementor-icon-box-wrapper\">\n\n\t\t\t\n\t\t\t\t\t\t<div class=\"elementor-icon-box-content\">\n\n\t\t\t\t\t\t\t\t\t<h4 class=\"elementor-icon-box-title\">\n\t\t\t\t\t\t<span  >\n\t\t\t\t\t\t\tNotre <br>croyants\t\t\t\t\t\t<\/span>\n\t\t\t\t\t<\/h4>\n\t\t\t\t\n\t\t\t\t\t\t\t\t\t<p class=\"elementor-icon-box-description\">\n\t\t\t\t\t\tIl s'agit des sponsors et des investisseurs qui croient en ce que nous faisons et le d\u00e9montrent par un soutien mat\u00e9riel ou financier.\t\t\t\t\t<\/p>\n\t\t\t\t\n\t\t\t<\/div>\n\t\t\t\n\t\t<\/div>\n\t\t\t\t\t\t<\/div>\n\t\t\t\t<\/div>\n\t\t\t\t<\/div>\n\t\t\t\t<\/div>\n\t\t\t\t\t<\/div>\n\t\t\t\t<\/div>\n\t\t<div class=\"elementor-element elementor-element-d049b5a e-flex e-con-boxed e-con e-parent\" data-id=\"d049b5a\" data-element_type=\"container\">\n\t\t\t\t\t<div class=\"e-con-inner\">\n\t\t\t\t<div class=\"elementor-element elementor-element-4800211 elementor-widget elementor-widget-spacer\" data-id=\"4800211\" data-element_type=\"widget\" data-widget_type=\"spacer.default\">\n\t\t\t\t<div class=\"elementor-widget-container\">\n\t\t\t\t\t\t\t<div class=\"elementor-spacer\">\n\t\t\t<div class=\"elementor-spacer-inner\"><\/div>\n\t\t<\/div>\n\t\t\t\t\t\t<\/div>\n\t\t\t\t<\/div>\n\t\t\t\t\t<\/div>\n\t\t\t\t<\/div>\n\t\t<div class=\"elementor-element elementor-element-5d0d66c e-con-full e-flex e-con e-parent\" data-id=\"5d0d66c\" data-element_type=\"container\">\n\t\t<div class=\"elementor-element elementor-element-b6557fc e-con-full e-flex e-con e-child\" data-id=\"b6557fc\" data-element_type=\"container\">\n\t\t\t\t<div class=\"elementor-element elementor-element-9275f34 elementor-widget elementor-widget-image\" data-id=\"9275f34\" data-element_type=\"widget\" data-widget_type=\"image.default\">\n\t\t\t\t<div class=\"elementor-widget-container\">\n\t\t\t\t\t\t\t\t\t\t\t\t\t\t\t<img fetchpriority=\"high\" decoding=\"async\" width=\"300\" height=\"300\" src=\"https:\/\/backup.supernils.be\/wp-content\/uploads\/2024\/09\/OK-001-Daniela-1235950_1417029391854586_92001494_n-300x300.jpg\" class=\"attachment-medium size-medium wp-image-15761\" alt=\"\" srcset=\"https:\/\/backup.supernils.be\/wp-content\/uploads\/2024\/09\/OK-001-Daniela-1235950_1417029391854586_92001494_n-300x300.jpg 300w, https:\/\/backup.supernils.be\/wp-content\/uploads\/2024\/09\/OK-001-Daniela-1235950_1417029391854586_92001494_n-150x150.jpg 150w, https:\/\/backup.supernils.be\/wp-content\/uploads\/2024\/09\/OK-001-Daniela-1235950_1417029391854586_92001494_n-12x12.jpg 12w, https:\/\/backup.supernils.be\/wp-content\/uploads\/2024\/09\/OK-001-Daniela-1235950_1417029391854586_92001494_n-299x299.jpg 299w, https:\/\/backup.supernils.be\/wp-content\/uploads\/2024\/09\/OK-001-Daniela-1235950_1417029391854586_92001494_n-100x100.jpg 100w, https:\/\/backup.supernils.be\/wp-content\/uploads\/2024\/09\/OK-001-Daniela-1235950_1417029391854586_92001494_n.jpg 414w\" sizes=\"(max-width: 300px) 100vw, 300px\" \/>\t\t\t\t\t\t\t\t\t\t\t\t\t\t\t<\/div>\n\t\t\t\t<\/div>\n\t\t\t\t<\/div>\n\t\t<div class=\"elementor-element elementor-element-d0b7fa7 e-con-full e-flex e-con e-child\" data-id=\"d0b7fa7\" data-element_type=\"container\">\n\t\t\t\t<div class=\"elementor-element elementor-element-bb45300 elementor-blockquote--skin-border elementor-blockquote--button-view-icon-text elementor-blockquote--button-skin-classic elementor-blockquote--button-color-official elementor-widget elementor-widget-blockquote\" data-id=\"bb45300\" data-element_type=\"widget\" data-widget_type=\"blockquote.default\">\n\t\t\t\t<div class=\"elementor-widget-container\">\n\t\t\t\t\t\t\t<blockquote class=\"elementor-blockquote\">\n\t\t\t<p class=\"elementor-blockquote__content\">\n\t\t\t\t<br><br>Je suis une amie fi\u00e8re et fid\u00e8le de l'organisation \u00e0 but non lucratif SuperNils. J'aime tout ce qu'ils r\u00e9alisent pour les patients qui sont confront\u00e9s \u00e0 un chemin difficile. En tant qu'ami, j'ai mon mot \u00e0 dire lors de l'assembl\u00e9e g\u00e9n\u00e9rale de l'organisation et je suis tenu au courant de tout ce qui est organis\u00e9.<br>Ce petit don de 40 euros en vaut largement la peine. De plus, je recevrai une attestation fiscale que je pourrai ajouter \u00e0 ma d\u00e9claration d'imp\u00f4ts.\t\t\t<\/p>\n\t\t\t\t\t\t\t<div class=\"e-q-footer\">\n\t\t\t\t\t\t\t\t\t\t\t<cite class=\"elementor-blockquote__author\">Dani\u00ebla Koninckx<\/cite>\n\t\t\t\t\t\t\t\t\t\t\t\t\t\t\t\t<a href=\"https:\/\/twitter.com\/intent\/tweet?text=%3Cbr%3E%3Cbr%3EJe+suis+une+amie+fi%C3%A8re+et+fid%C3%A8le+de+l%27organisation+%C3%A0+but+non+lucratif+SuperNils.+J%27aime+tout+ce+qu%27ils+r%C3%A9alisent+pour+les+patients+qui+sont+confront%C3%A9s+%C3%A0+un+chemin+difficile.+En+tant+qu%27ami%2C+j%27ai+mon+mot+%C3%A0+dire+lors+de+l%27assembl%C3%A9e+g%C3%A9n%C3%A9rale+de+l%27organisation+et+je+suis+tenu+au+courant+de+tout+ce+qui+est+organis%C3%A9.%3Cbr%3ECe+petit+don+de+40+euros+en+vaut+largement+la+peine.+De+plus%2C+je+recevrai+une+attestation+fiscale+que+je+pourrai+ajouter+%C3%A0+ma+d%C3%A9claration+d%27imp%C3%B4ts.+%E2%80%94+Dani%C3%ABla+Koninckx&amp;url=https%3A%2F%2Fbackup.supernils.be%2Ffr%2Fwp-json%2Fwp%2Fv2%2Fpages%2F8059\" class=\"elementor-blockquote__tweet-button\" target=\"_blank\">\n\t\t\t\t\t\t\t\t\t\t\t\t\t\t\t<i aria-hidden=\"true\" class=\"fab fa-twitter\"><\/i>\t\t\t\t\t\t\t\t\t\t\t\t\t\t\t\t\t\t\t\t\t\t\t\t\t\t\t\t\t\t<span class=\"elementor-blockquote__tweet-label\">Tweet<\/span>\n\t\t\t\t\t\t\t\t\t\t\t\t\t<\/a>\n\t\t\t\t\t\t\t\t\t<\/div>\n\t\t\t\t\t<\/blockquote>\n\t\t\t\t\t\t<\/div>\n\t\t\t\t<\/div>\n\t\t\t\t<\/div>\n\t\t\t\t<\/div>\n\t\t<div class=\"elementor-element elementor-element-15e93a5 e-flex e-con-boxed e-con e-parent\" data-id=\"15e93a5\" data-element_type=\"container\">\n\t\t\t\t\t<div class=\"e-con-inner\">\n\t\t\t\t<div class=\"elementor-element elementor-element-9c2c4f8 elementor-widget elementor-widget-spacer\" data-id=\"9c2c4f8\" data-element_type=\"widget\" data-widget_type=\"spacer.default\">\n\t\t\t\t<div class=\"elementor-widget-container\">\n\t\t\t\t\t\t\t<div class=\"elementor-spacer\">\n\t\t\t<div class=\"elementor-spacer-inner\"><\/div>\n\t\t<\/div>\n\t\t\t\t\t\t<\/div>\n\t\t\t\t<\/div>\n\t\t\t\t\t<\/div>\n\t\t\t\t<\/div>\n\t\t<div class=\"elementor-element elementor-element-c54fd5f e-flex e-con-boxed e-con e-parent\" data-id=\"c54fd5f\" data-element_type=\"container\">\n\t\t\t\t\t<div class=\"e-con-inner\">\n\t\t\t\t<div class=\"elementor-element elementor-element-0e63773 elementor-widget elementor-widget-spacer\" data-id=\"0e63773\" data-element_type=\"widget\" data-widget_type=\"spacer.default\">\n\t\t\t\t<div class=\"elementor-widget-container\">\n\t\t\t\t\t\t\t<div class=\"elementor-spacer\">\n\t\t\t<div class=\"elementor-spacer-inner\"><\/div>\n\t\t<\/div>\n\t\t\t\t\t\t<\/div>\n\t\t\t\t<\/div>\n\t\t\t\t\t<\/div>\n\t\t\t\t<\/div>\n\t\t\t\t<\/div>","protected":false},"excerpt":{"rendered":"<p>Zonder partners &#8230; geen organisatie Wil je onze partner worden? Vzw SuperNils heeft verschillende partners. We hebben mensen die ons bijstaan in de werking en het realiseren van de doelstellingen, er zijn uiteraard de ziekenhuizen waarvan we pati\u00ebnten ondersteunen en dan hebben we een groot aantal mensen\/bedrijven die geloven in ons en dit tonen door [&hellip;]<\/p>","protected":false},"author":2,"featured_media":0,"parent":0,"menu_order":0,"comment_status":"closed","ping_status":"closed","template":"","meta":{"_themeisle_gutenberg_block_has_review":false,"footnotes":""},"class_list":["post-8059","page","type-page","status-publish","hentry"],"_links":{"self":[{"href":"https:\/\/backup.supernils.be\/fr\/wp-json\/wp\/v2\/pages\/8059","targetHints":{"allow":["GET"]}}],"collection":[{"href":"https:\/\/backup.supernils.be\/fr\/wp-json\/wp\/v2\/pages"}],"about":[{"href":"https:\/\/backup.supernils.be\/fr\/wp-json\/wp\/v2\/types\/page"}],"author":[{"embeddable":true,"href":"https:\/\/backup.supernils.be\/fr\/wp-json\/wp\/v2\/users\/2"}],"replies":[{"embeddable":true,"href":"https:\/\/backup.supernils.be\/fr\/wp-json\/wp\/v2\/comments?post=8059"}],"version-history":[{"count":125,"href":"https:\/\/backup.supernils.be\/fr\/wp-json\/wp\/v2\/pages\/8059\/revisions"}],"predecessor-version":[{"id":16263,"href":"https:\/\/backup.supernils.be\/fr\/wp-json\/wp\/v2\/pages\/8059\/revisions\/16263"}],"wp:attachment":[{"href":"https:\/\/backup.supernils.be\/fr\/wp-json\/wp\/v2\/media?parent=8059"}],"curies":[{"name":"wp","href":"https:\/\/api.w.org\/{rel}","templated":true}]}}