{"id":7912,"date":"2023-09-19T14:44:09","date_gmt":"2023-09-19T12:44:09","guid":{"rendered":"https:\/\/backup.supernils.be\/?page_id=7912"},"modified":"2024-09-24T17:03:33","modified_gmt":"2024-09-24T15:03:33","slug":"nieuwsbrief","status":"publish","type":"page","link":"https:\/\/backup.supernils.be\/fr\/bulletin-dinformation\/","title":{"rendered":"Nieuwsbrief"},"content":{"rendered":"<div data-elementor-type=\"wp-page\" data-elementor-id=\"7912\" class=\"elementor elementor-7912\" data-elementor-post-type=\"page\">\n\t\t\t\t<div class=\"elementor-element elementor-element-1530728 e-flex e-con-boxed e-con e-parent\" data-id=\"1530728\" data-element_type=\"container\">\n\t\t\t\t\t<div class=\"e-con-inner\">\n\t\t\t\t<div class=\"elementor-element elementor-element-9b8a137 elementor-widget elementor-widget-spacer\" data-id=\"9b8a137\" data-element_type=\"widget\" data-widget_type=\"spacer.default\">\n\t\t\t\t<div class=\"elementor-widget-container\">\n\t\t\t\t\t\t\t<div class=\"elementor-spacer\">\n\t\t\t<div class=\"elementor-spacer-inner\"><\/div>\n\t\t<\/div>\n\t\t\t\t\t\t<\/div>\n\t\t\t\t<\/div>\n\t\t\t\t\t<\/div>\n\t\t\t\t<\/div>\n\t\t<div class=\"elementor-element elementor-element-7c2abaf6 e-flex e-con-boxed e-con e-parent\" data-id=\"7c2abaf6\" data-element_type=\"container\" data-settings=\"{&quot;background_background&quot;:&quot;classic&quot;}\">\n\t\t\t\t\t<div class=\"e-con-inner\">\n\t\t<div class=\"elementor-element elementor-element-426a5cbb e-con-full e-flex e-con e-child\" data-id=\"426a5cbb\" data-element_type=\"container\">\n\t\t\t\t<div class=\"elementor-element elementor-element-1ecc418b elementor-widget elementor-widget-heading\" data-id=\"1ecc418b\" data-element_type=\"widget\" data-widget_type=\"heading.default\">\n\t\t\t\t<div class=\"elementor-widget-container\">\n\t\t\t\t\t<h2 class=\"elementor-heading-title elementor-size-default\">Curieux d'en savoir plus ?<\/h2>\t\t\t\t<\/div>\n\t\t\t\t<\/div>\n\t\t\t\t<div class=\"elementor-element elementor-element-12324132 animated-slow elementor-invisible elementor-widget elementor-widget-heading\" data-id=\"12324132\" data-element_type=\"widget\" data-settings=\"{&quot;_animation&quot;:&quot;slideInUp&quot;}\" data-widget_type=\"heading.default\">\n\t\t\t\t<div class=\"elementor-widget-container\">\n\t\t\t\t\t<h2 class=\"elementor-heading-title elementor-size-default\">S'abonner \u00e0 la newsletter<\/h2>\t\t\t\t<\/div>\n\t\t\t\t<\/div>\n\t\t\t\t<div class=\"elementor-element elementor-element-1af2815 elementor-widget elementor-widget-text-editor\" data-id=\"1af2815\" data-element_type=\"widget\" data-settings=\"{&quot;_animation&quot;:&quot;none&quot;}\" data-widget_type=\"text-editor.default\">\n\t\t\t\t<div class=\"elementor-widget-container\">\n\t\t\t\t\t\t\t\t\t<p>Restez inform\u00e9 de nos activit\u00e9s, actions, r\u00e9alisations et projets.<\/p>\t\t\t\t\t\t\t\t<\/div>\n\t\t\t\t<\/div>\n\t\t\t\t<\/div>\n\t\t\t\t<div class=\"elementor-element elementor-element-150f9e5d elementor-widget elementor-widget-image\" data-id=\"150f9e5d\" data-element_type=\"widget\" data-widget_type=\"image.default\">\n\t\t\t\t<div class=\"elementor-widget-container\">\n\t\t\t\t\t\t\t\t\t\t\t\t\t\t\t<img fetchpriority=\"high\" decoding=\"async\" width=\"800\" height=\"671\" src=\"https:\/\/backup.supernils.be\/wp-content\/uploads\/2024\/09\/Schrijf-je-in-voorde-nieuwsbrief.png\" class=\"attachment-large size-large wp-image-14828\" alt=\"\" srcset=\"https:\/\/backup.supernils.be\/wp-content\/uploads\/2024\/09\/Schrijf-je-in-voorde-nieuwsbrief.png 940w, https:\/\/backup.supernils.be\/wp-content\/uploads\/2024\/09\/Schrijf-je-in-voorde-nieuwsbrief-300x251.png 300w, https:\/\/backup.supernils.be\/wp-content\/uploads\/2024\/09\/Schrijf-je-in-voorde-nieuwsbrief-768x644.png 768w, https:\/\/backup.supernils.be\/wp-content\/uploads\/2024\/09\/Schrijf-je-in-voorde-nieuwsbrief-14x12.png 14w, https:\/\/backup.supernils.be\/wp-content\/uploads\/2024\/09\/Schrijf-je-in-voorde-nieuwsbrief-299x251.png 299w, https:\/\/backup.supernils.be\/wp-content\/uploads\/2024\/09\/Schrijf-je-in-voorde-nieuwsbrief-572x480.png 572w\" sizes=\"(max-width: 800px) 100vw, 800px\" \/>\t\t\t\t\t\t\t\t\t\t\t\t\t\t\t<\/div>\n\t\t\t\t<\/div>\n\t\t\t\t\t<\/div>\n\t\t\t\t<\/div>\n\t\t<div class=\"elementor-element elementor-element-3db9d2d e-flex e-con-boxed e-con e-parent\" data-id=\"3db9d2d\" data-element_type=\"container\">\n\t\t\t\t\t<div class=\"e-con-inner\">\n\t\t\t\t<div class=\"elementor-element elementor-element-548f6a1 elementor-widget elementor-widget-spacer\" data-id=\"548f6a1\" data-element_type=\"widget\" data-widget_type=\"spacer.default\">\n\t\t\t\t<div class=\"elementor-widget-container\">\n\t\t\t\t\t\t\t<div class=\"elementor-spacer\">\n\t\t\t<div class=\"elementor-spacer-inner\"><\/div>\n\t\t<\/div>\n\t\t\t\t\t\t<\/div>\n\t\t\t\t<\/div>\n\t\t\t\t\t<\/div>\n\t\t\t\t<\/div>\n\t\t<div class=\"elementor-element elementor-element-fd826bf e-flex e-con-boxed e-con e-parent\" data-id=\"fd826bf\" data-element_type=\"container\">\n\t\t\t\t\t<div class=\"e-con-inner\">\n\t\t\t\t<div class=\"elementor-element elementor-element-340b85e elementor-widget elementor-widget-wpforms\" data-id=\"340b85e\" data-element_type=\"widget\" data-widget_type=\"wpforms.default\">\n\t\t\t\t<div class=\"elementor-widget-container\">\n\t\t\t\t\t<div class=\"wpforms-container wpforms-container-full\" id=\"wpforms-6832\"><form id=\"wpforms-form-6832\" class=\"wpforms-validate wpforms-form wpforms-ajax-form\" data-formid=\"6832\" method=\"post\" enctype=\"multipart\/form-data\" action=\"\/fr\/wp-json\/wp\/v2\/pages\/7912\" data-token=\"b1846c4729f4ba15838572533798cc36\" data-token-time=\"1778949851\" data-trp-original-action=\"\/fr\/wp-json\/wp\/v2\/pages\/7912\"><noscript class=\"wpforms-error-noscript\">Veuillez activer JavaScript dans votre navigateur pour remplir ce formulaire.<\/noscript><div class=\"wpforms-field-container\"><div id=\"wpforms-6832-field_1-container\" class=\"wpforms-field wpforms-field-name\" data-field-id=\"1\"><label class=\"wpforms-field-label\" for=\"wpforms-6832-field_1\">Nom <span class=\"wpforms-required-label\">*<\/span><\/label><div class=\"wpforms-field-row wpforms-field-large\"><div class=\"wpforms-field-row-block wpforms-first wpforms-one-half\"><input type=\"text\" id=\"wpforms-6832-field_1\" class=\"wpforms-field-name-first wpforms-field-required\" name=\"wpforms[fields][1][first]\" required><label for=\"wpforms-6832-field_1\" class=\"wpforms-field-sublabel after\">Pr\u00e9nom<\/label><\/div><div class=\"wpforms-field-row-block wpforms-one-half\"><input type=\"text\" id=\"wpforms-6832-field_1-last\" class=\"wpforms-field-name-last wpforms-field-required\" name=\"wpforms[fields][1][last]\" required><label for=\"wpforms-6832-field_1-last\" class=\"wpforms-field-sublabel after\">Nom<\/label><\/div><\/div><\/div><div id=\"wpforms-6832-field_6-container\" class=\"wpforms-field wpforms-field-email\" data-field-id=\"6\"><label class=\"wpforms-field-label\" for=\"wpforms-6832-field_6\">Courriel <span class=\"wpforms-required-label\">*<\/span><\/label><input type=\"email\" id=\"wpforms-6832-field_6\" class=\"wpforms-field-medium wpforms-field-required\" name=\"wpforms[fields][6]\" spellcheck=\"false\" required><\/div><div id=\"wpforms-6832-field_4-container\" class=\"wpforms-field wpforms-field-radio wpforms-list-inline\" data-field-id=\"4\"><label class=\"wpforms-field-label\" for=\"wpforms-6832-field_4\">Je suis ... <span class=\"wpforms-required-label\">*<\/span><\/label><ul id=\"wpforms-6832-field_4\" class=\"wpforms-field-required\"><li class=\"choice-1 depth-1\"><input type=\"radio\" id=\"wpforms-6832-field_4_1\" name=\"wpforms[fields][4]\" value=\"Een pati\u00ebnt onco-hematologie\" required><label class=\"wpforms-field-label-inline\" for=\"wpforms-6832-field_4_1\">L'onco-h\u00e9matologie d'un patient<\/label><\/li><li class=\"choice-2 depth-1\"><input type=\"radio\" id=\"wpforms-6832-field_4_2\" name=\"wpforms[fields][4]\" value=\"Familie van een pati\u00ebnt\" required><label class=\"wpforms-field-label-inline\" for=\"wpforms-6832-field_4_2\">Famille d'un patient<\/label><\/li><li class=\"choice-3 depth-1\"><input type=\"radio\" id=\"wpforms-6832-field_4_3\" name=\"wpforms[fields][4]\" value=\"Vriend\/kennis van een pati\u00ebnt\" required><label class=\"wpforms-field-label-inline\" for=\"wpforms-6832-field_4_3\">Ami\/connaissance d'un patient<\/label><\/li><li class=\"choice-4 depth-1\"><input type=\"radio\" id=\"wpforms-6832-field_4_4\" name=\"wpforms[fields][4]\" value=\"Gewoon ge\u00efnteresseerd\" required><label class=\"wpforms-field-label-inline\" for=\"wpforms-6832-field_4_4\">Je suis int\u00e9ress\u00e9<\/label><\/li><\/ul><\/div><div id=\"wpforms-6832-field_5-container\" class=\"wpforms-field wpforms-field-checkbox wpforms-list-inline\" data-field-id=\"5\"><label class=\"wpforms-field-label\" for=\"wpforms-6832-field_5\">Politique de confidentialit\u00e9 <span class=\"wpforms-required-label\">*<\/span><\/label><ul id=\"wpforms-6832-field_5\" class=\"wpforms-field-required wpforms-icon-choices wpforms-icon-choices-modern wpforms-icon-choices-large\" style=\"--wpforms-icon-choices-color: #60717a;\"><li class=\"choice-1 depth-1 wpforms-icon-choices-item\"><label class=\"wpforms-field-label-inline\" for=\"wpforms-6832-field_5_1\">\n\t\t\t\t<span class=\"wpforms-icon-choices-icon\">\n\t\t\t\t\t<svg xmlns=\"http:\/\/www.w3.org\/2000\/svg\" width=\"80\" height=\"64px\" viewbox=\"0 0 640 512\"><!--! Font Awesome Free 6.4.0 by @fontawesome - https:\/\/fontawesome.com License - https:\/\/fontawesome.com\/license\/free (Icons: CC BY 4.0, Fonts: SIL OFL 1.1, Code: MIT License) Copyright 2023 Fonticons, Inc. --><path d=\"M272.2 64.6l-51.1 51.1c-15.3 4.2-29.5 11.9-41.5 22.5L153 161.9C142.8 171 129.5 176 115.8 176H96V304c20.4 .6 39.8 8.9 54.3 23.4l35.6 35.6 7 7 0 0L219.9 397c6.2 6.2 16.4 6.2 22.6 0c1.7-1.7 3-3.7 3.7-5.8c2.8-7.7 9.3-13.5 17.3-15.3s16.4 .6 22.2 6.5L296.5 393c11.6 11.6 30.4 11.6 41.9 0c5.4-5.4 8.3-12.3 8.6-19.4c.4-8.8 5.6-16.6 13.6-20.4s17.3-3 24.4 2.1c9.4 6.7 22.5 5.8 30.9-2.6c9.4-9.4 9.4-24.6 0-33.9L340.1 243l-35.8 33c-27.3 25.2-69.2 25.6-97 .9c-31.7-28.2-32.4-77.4-1.6-106.5l70.1-66.2C303.2 78.4 339.4 64 377.1 64c36.1 0 71 13.3 97.9 37.2L505.1 128H544h40 40c8.8 0 16 7.2 16 16V352c0 17.7-14.3 32-32 32H576c-11.8 0-22.2-6.4-27.7-16H463.4c-3.4 6.7-7.9 13.1-13.5 18.7c-17.1 17.1-40.8 23.8-63 20.1c-3.6 7.3-8.5 14.1-14.6 20.2c-27.3 27.3-70 30-100.4 8.1c-25.1 20.8-62.5 19.5-86-4.1L159 404l-7-7-35.6-35.6c-5.5-5.5-12.7-8.7-20.4-9.3C96 369.7 81.6 384 64 384H32c-17.7 0-32-14.3-32-32V144c0-8.8 7.2-16 16-16H56 96h19.8c2 0 3.9-.7 5.3-2l26.5-23.6C175.5 77.7 211.4 64 248.7 64H259c4.4 0 8.9 .2 13.2 .6zM544 320V176H496c-5.9 0-11.6-2.2-15.9-6.1l-36.9-32.8c-18.2-16.2-41.7-25.1-66.1-25.1c-25.4 0-49.8 9.7-68.3 27.1l-70.1 66.2c-10.3 9.8-10.1 26.3 .5 35.7c9.3 8.3 23.4 8.1 32.5-.3l71.9-66.4c9.7-9 24.9-8.4 33.9 1.4s8.4 24.9-1.4 33.9l-.8 .8 74.4 74.4c10 10 16.5 22.3 19.4 35.1H544zM64 336a16 16 0 1 0 -32 0 16 16 0 1 0 32 0zm528 16a16 16 0 1 0 0-32 16 16 0 1 0 0 32z\"\/><\/svg>\n\t\t\t\t\t<span class=\"wpforms-icon-choices-icon-bg\"><\/span>\n\t\t\t\t<\/span>\n\t\t\t\t<input type=\"checkbox\" id=\"wpforms-6832-field_5_1\" class=\"wpforms-screen-reader-element\" name=\"wpforms[fields][5][]\" value=\"Ik ben akkoord\" autocomplete=\"off\" required>\n\t\t\t\t<span class=\"wpforms-icon-choices-label\">Je suis d'accord<\/span>\n\t\t\t<\/label><\/li><\/ul><div class=\"wpforms-field-description\">En fonction de la loi actuelle sur la protection de la vie priv\u00e9e et la conservation et le traitement des donn\u00e9es personnelles, vous devez accepter cette note.\r\n\r\nIl est important que vous sachiez que nous inclurons vos donn\u00e9es dans notre \"liste de contacts SuperNils Newsletter\". Ces donn\u00e9es ne seront utilis\u00e9es que pour envoyer la lettre d'information et vous informer ainsi de nos activit\u00e9s, actions et r\u00e9sultats \u00e9ventuels de l'organisation \u00e0 but non lucratif SuperNils. Les donn\u00e9es ne seront jamais transmises \u00e0 des tiers sans votre consentement pr\u00e9alable.\r\nVous pouvez toujours demander les donn\u00e9es personnelles enregistr\u00e9es \u00e0 notre secr\u00e9tariat (info@supernils.be), afin d'en v\u00e9rifier l'exactitude et l'exhaustivit\u00e9 et, le cas \u00e9ch\u00e9ant, de les faire modifier gratuitement.\r\nVous pouvez \u00e9galement toujours demander que les informations ne soient plus utilis\u00e9es \u00e0 nos fins. Si vous \u00eates d'accord, veuillez CLIQUER SUR LA FIGURE.\r\n<\/div><\/div><\/div><!-- .wpforms-field-container --><div class=\"wpforms-submit-container\" ><input type=\"hidden\" name=\"wpforms[id]\" value=\"6832\"><input type=\"hidden\" name=\"page_title\" value=\"\"><input type=\"hidden\" name=\"page_url\" value=\"https:\/\/backup.supernils.be\/fr\/wp-json\/wp\/v2\/pages\/7912\"><button type=\"submit\" name=\"wpforms[submit]\" id=\"wpforms-submit-6832\" class=\"wpforms-submit\" data-alt-text=\"Verzenden...\" data-submit-text=\"Verzend\" aria-live=\"assertive\" value=\"wpforms-submit\">Envoyer<\/button><img decoding=\"async\" src=\"https:\/\/backup.supernils.be\/wp-content\/plugins\/wpforms\/assets\/images\/submit-spin.svg\" class=\"wpforms-submit-spinner\" style=\"display: none;\" width=\"26\" height=\"26\" alt=\"Chargement en cours\"><\/div><input type=\"hidden\" name=\"trp-form-language\" value=\"fr\"\/><\/form><\/div>  <!-- .wpforms-container -->\t\t\t\t<\/div>\n\t\t\t\t<\/div>\n\t\t\t\t\t<\/div>\n\t\t\t\t<\/div>\n\t\t<div class=\"elementor-element elementor-element-1c6d6fa e-flex e-con-boxed e-con e-parent\" data-id=\"1c6d6fa\" data-element_type=\"container\">\n\t\t\t\t\t<div class=\"e-con-inner\">\n\t\t\t\t<div class=\"elementor-element elementor-element-363b916 elementor-widget elementor-widget-spacer\" data-id=\"363b916\" data-element_type=\"widget\" data-widget_type=\"spacer.default\">\n\t\t\t\t<div class=\"elementor-widget-container\">\n\t\t\t\t\t\t\t<div class=\"elementor-spacer\">\n\t\t\t<div class=\"elementor-spacer-inner\"><\/div>\n\t\t<\/div>\n\t\t\t\t\t\t<\/div>\n\t\t\t\t<\/div>\n\t\t\t\t\t<\/div>\n\t\t\t\t<\/div>\n\t\t\t\t<\/div>","protected":false},"excerpt":{"rendered":"<p>Benieuwd naar meer ? Schrijf je in op onze nieuwsbrief Blijf op de hoogte van onze activiteiten, acties, realisaties en plannen. Schakel JavaScript in je browser in om dit formulier in te vullen.Naam *VoornaamAchternaamE-mail *Ik ben &#8230; * Een pati\u00ebnt onco-hematologie Familie van een pati\u00ebnt Vriend\/kennis van een pati\u00ebnt Gewoon ge\u00efnteresseerd Privacybeleid * Ik ben [&hellip;]<\/p>","protected":false},"author":2,"featured_media":0,"parent":0,"menu_order":0,"comment_status":"closed","ping_status":"closed","template":"elementor_header_footer","meta":{"_themeisle_gutenberg_block_has_review":false,"footnotes":""},"class_list":["post-7912","page","type-page","status-publish","hentry"],"_links":{"self":[{"href":"https:\/\/backup.supernils.be\/fr\/wp-json\/wp\/v2\/pages\/7912","targetHints":{"allow":["GET"]}}],"collection":[{"href":"https:\/\/backup.supernils.be\/fr\/wp-json\/wp\/v2\/pages"}],"about":[{"href":"https:\/\/backup.supernils.be\/fr\/wp-json\/wp\/v2\/types\/page"}],"author":[{"embeddable":true,"href":"https:\/\/backup.supernils.be\/fr\/wp-json\/wp\/v2\/users\/2"}],"replies":[{"embeddable":true,"href":"https:\/\/backup.supernils.be\/fr\/wp-json\/wp\/v2\/comments?post=7912"}],"version-history":[{"count":44,"href":"https:\/\/backup.supernils.be\/fr\/wp-json\/wp\/v2\/pages\/7912\/revisions"}],"predecessor-version":[{"id":16233,"href":"https:\/\/backup.supernils.be\/fr\/wp-json\/wp\/v2\/pages\/7912\/revisions\/16233"}],"wp:attachment":[{"href":"https:\/\/backup.supernils.be\/fr\/wp-json\/wp\/v2\/media?parent=7912"}],"curies":[{"name":"wp","href":"https:\/\/api.w.org\/{rel}","templated":true}]}}