{"id":7231,"date":"2023-09-16T10:42:18","date_gmt":"2023-09-16T08:42:18","guid":{"rendered":"https:\/\/backup.supernils.be\/?page_id=7231"},"modified":"2024-09-24T16:06:09","modified_gmt":"2024-09-24T14:06:09","slug":"ik-ben-bestuurslid","status":"publish","type":"page","link":"https:\/\/backup.supernils.be\/fr\/je-suis-membre-du-conseil-dadministration\/","title":{"rendered":"Je suis membre du conseil d'administration"},"content":{"rendered":"<div data-elementor-type=\"wp-page\" data-elementor-id=\"7231\" class=\"elementor elementor-7231\" data-elementor-post-type=\"page\">\n\t\t\t\t<div class=\"elementor-element elementor-element-a4e8ff9 e-flex e-con-boxed e-con e-parent\" data-id=\"a4e8ff9\" data-element_type=\"container\" data-settings=\"{&quot;background_background&quot;:&quot;classic&quot;}\">\n\t\t\t\t\t<div class=\"e-con-inner\">\n\t\t\t\t<div class=\"elementor-element elementor-element-b3029f3 elementor-widget elementor-widget-spacer\" data-id=\"b3029f3\" data-element_type=\"widget\" data-widget_type=\"spacer.default\">\n\t\t\t\t<div class=\"elementor-widget-container\">\n\t\t\t\t\t\t\t<div class=\"elementor-spacer\">\n\t\t\t<div class=\"elementor-spacer-inner\"><\/div>\n\t\t<\/div>\n\t\t\t\t\t\t<\/div>\n\t\t\t\t<\/div>\n\t\t\t\t\t<\/div>\n\t\t\t\t<\/div>\n\t\t<div class=\"elementor-element elementor-element-4ad466f7 e-flex e-con-boxed e-con e-parent\" data-id=\"4ad466f7\" data-element_type=\"container\" data-settings=\"{&quot;background_background&quot;:&quot;classic&quot;}\">\n\t\t\t\t\t<div class=\"e-con-inner\">\n\t\t<div class=\"elementor-element elementor-element-283a1a55 e-con-full e-flex e-con e-child\" data-id=\"283a1a55\" data-element_type=\"container\" data-settings=\"{&quot;background_background&quot;:&quot;slideshow&quot;,&quot;background_slideshow_gallery&quot;:[],&quot;background_slideshow_loop&quot;:&quot;yes&quot;,&quot;background_slideshow_slide_duration&quot;:5000,&quot;background_slideshow_slide_transition&quot;:&quot;fade&quot;,&quot;background_slideshow_transition_duration&quot;:500}\">\n\t\t\t\t<div class=\"elementor-element elementor-element-202c1de elementor-widget elementor-widget-image\" data-id=\"202c1de\" data-element_type=\"widget\" data-widget_type=\"image.default\">\n\t\t\t\t<div class=\"elementor-widget-container\">\n\t\t\t\t\t\t\t\t\t\t\t\t\t\t\t<img fetchpriority=\"high\" decoding=\"async\" width=\"800\" height=\"671\" src=\"https:\/\/backup.supernils.be\/wp-content\/uploads\/2024\/09\/Bestuursleden.png\" class=\"attachment-large size-large wp-image-15201\" alt=\"\" srcset=\"https:\/\/backup.supernils.be\/wp-content\/uploads\/2024\/09\/Bestuursleden.png 940w, https:\/\/backup.supernils.be\/wp-content\/uploads\/2024\/09\/Bestuursleden-300x251.png 300w, https:\/\/backup.supernils.be\/wp-content\/uploads\/2024\/09\/Bestuursleden-768x644.png 768w, https:\/\/backup.supernils.be\/wp-content\/uploads\/2024\/09\/Bestuursleden-14x12.png 14w, https:\/\/backup.supernils.be\/wp-content\/uploads\/2024\/09\/Bestuursleden-299x251.png 299w, https:\/\/backup.supernils.be\/wp-content\/uploads\/2024\/09\/Bestuursleden-572x480.png 572w\" sizes=\"(max-width: 800px) 100vw, 800px\" \/>\t\t\t\t\t\t\t\t\t\t\t\t\t\t\t<\/div>\n\t\t\t\t<\/div>\n\t\t\t\t<\/div>\n\t\t<div class=\"elementor-element elementor-element-74ba72cc e-con-full e-flex e-con e-child\" data-id=\"74ba72cc\" data-element_type=\"container\" data-settings=\"{&quot;background_background&quot;:&quot;classic&quot;}\">\n\t\t\t\t<div class=\"elementor-element elementor-element-54a2398a elementor-widget elementor-widget-heading\" data-id=\"54a2398a\" data-element_type=\"widget\" data-widget_type=\"heading.default\">\n\t\t\t\t<div class=\"elementor-widget-container\">\n\t\t\t\t\t<h2 class=\"elementor-heading-title elementor-size-default\">Vous y \u00eates presque !<\/h2>\t\t\t\t<\/div>\n\t\t\t\t<\/div>\n\t\t\t\t<div class=\"elementor-element elementor-element-7c2a28f0 elementor-widget elementor-widget-text-editor\" data-id=\"7c2a28f0\" data-element_type=\"widget\" data-widget_type=\"text-editor.default\">\n\t\t\t\t<div class=\"elementor-widget-container\">\n\t\t\t\t\t\t\t\t\t<p>Pour vous connecter \u00e0 la page des membres du conseil d'administration, vous avez besoin d'un mot de passe. Vous le recevrez lors de la premi\u00e8re r\u00e9union de la nouvelle ann\u00e9e civile.<\/p><p>Oubli\u00e9 ? Pas de probl\u00e8me. Demandez \u00e0 r\u00e9cup\u00e9rer votre mot de passe en utilisant le bouton ci-dessous.<\/p>\t\t\t\t\t\t\t\t<\/div>\n\t\t\t\t<\/div>\n\t\t\t\t<div class=\"elementor-element elementor-element-ca5d2af elementor-tablet-align-center elementor-mobile-align-left elementor-widget elementor-widget-button\" data-id=\"ca5d2af\" data-element_type=\"widget\" data-widget_type=\"button.default\">\n\t\t\t\t<div class=\"elementor-widget-container\">\n\t\t\t\t\t\t\t\t\t<div class=\"elementor-button-wrapper\">\n\t\t\t\t\t<a class=\"elementor-button elementor-button-link elementor-size-md elementor-animation-shrink\" href=\"https:\/\/backup.supernils.be\/fr\/elementor-9559\/\">\n\t\t\t\t\t\t<span class=\"elementor-button-content-wrapper\">\n\t\t\t\t\t\t\t\t\t<span class=\"elementor-button-text\">Mot de passe de candidature pour les membres du conseil d'administration<\/span>\n\t\t\t\t\t<\/span>\n\t\t\t\t\t<\/a>\n\t\t\t\t<\/div>\n\t\t\t\t\t\t\t\t<\/div>\n\t\t\t\t<\/div>\n\t\t\t\t<\/div>\n\t\t\t\t\t<\/div>\n\t\t\t\t<\/div>\n\t\t<div class=\"elementor-element elementor-element-3e290bb e-flex e-con-boxed e-con e-parent\" data-id=\"3e290bb\" data-element_type=\"container\">\n\t\t\t\t\t<div class=\"e-con-inner\">\n\t\t\t\t<div class=\"elementor-element elementor-element-73cdf60 elementor-widget elementor-widget-spacer\" data-id=\"73cdf60\" data-element_type=\"widget\" data-widget_type=\"spacer.default\">\n\t\t\t\t<div class=\"elementor-widget-container\">\n\t\t\t\t\t\t\t<div class=\"elementor-spacer\">\n\t\t\t<div class=\"elementor-spacer-inner\"><\/div>\n\t\t<\/div>\n\t\t\t\t\t\t<\/div>\n\t\t\t\t<\/div>\n\t\t\t\t\t<\/div>\n\t\t\t\t<\/div>\n\t\t<div class=\"elementor-element elementor-element-5130b83 e-con-full e-flex e-con e-parent\" data-id=\"5130b83\" data-element_type=\"container\" data-settings=\"{&quot;background_background&quot;:&quot;classic&quot;}\">\n\t\t<div class=\"elementor-element elementor-element-285eb01 e-con-full e-flex e-con e-child\" data-id=\"285eb01\" data-element_type=\"container\">\n\t\t\t\t<div class=\"elementor-element elementor-element-61e8a3c elementor-align-center elementor-widget elementor-widget-button\" data-id=\"61e8a3c\" data-element_type=\"widget\" data-widget_type=\"button.default\">\n\t\t\t\t<div class=\"elementor-widget-container\">\n\t\t\t\t\t\t\t\t\t<div class=\"elementor-button-wrapper\">\n\t\t\t\t\t<a class=\"elementor-button elementor-button-link elementor-size-lg elementor-animation-grow\" href=\"https:\/\/backup.supernils.be\/fr\/elementor-9623\/\">\n\t\t\t\t\t\t<span class=\"elementor-button-content-wrapper\">\n\t\t\t\t\t\t\t\t\t<span class=\"elementor-button-text\">Bienvenue sur la page des membres du conseil d'administration<\/span>\n\t\t\t\t\t<\/span>\n\t\t\t\t\t<\/a>\n\t\t\t\t<\/div>\n\t\t\t\t\t\t\t\t<\/div>\n\t\t\t\t<\/div>\n\t\t\t\t<\/div>\n\t\t<div class=\"elementor-element elementor-element-19afcac e-con-full e-flex e-con e-child\" data-id=\"19afcac\" data-element_type=\"container\">\n\t\t\t\t<div class=\"elementor-element elementor-element-762d7fa elementor-widget elementor-widget-heading\" data-id=\"762d7fa\" data-element_type=\"widget\" data-widget_type=\"heading.default\">\n\t\t\t\t<div class=\"elementor-widget-container\">\n\t\t\t\t\t<h2 class=\"elementor-heading-title elementor-size-default\">Vous \u00eates pr\u00eat. Connectez-vous en cliquant sur le bouton \u00e0 droite.<\/h2>\t\t\t\t<\/div>\n\t\t\t\t<\/div>\n\t\t\t\t<\/div>\n\t\t\t\t<\/div>\n\t\t<div class=\"elementor-element elementor-element-38843e8 e-flex e-con-boxed e-con e-parent\" data-id=\"38843e8\" data-element_type=\"container\">\n\t\t\t\t\t<div class=\"e-con-inner\">\n\t\t\t\t<div class=\"elementor-element elementor-element-abded28 elementor-widget elementor-widget-spacer\" data-id=\"abded28\" data-element_type=\"widget\" data-widget_type=\"spacer.default\">\n\t\t\t\t<div class=\"elementor-widget-container\">\n\t\t\t\t\t\t\t<div class=\"elementor-spacer\">\n\t\t\t<div class=\"elementor-spacer-inner\"><\/div>\n\t\t<\/div>\n\t\t\t\t\t\t<\/div>\n\t\t\t\t<\/div>\n\t\t\t\t\t<\/div>\n\t\t\t\t<\/div>\n\t\t\t\t<\/div>","protected":false},"excerpt":{"rendered":"<p>Je bent er bijna ! Om in te loggen op de pagina van de bestuursleden, heb je een wachtwoord nodig. Je ontvangt dit tijdens de eerste meeting van het nieuwe kalenderjaar. Vergeten? Niet erg. Vraag het wachtwoord terug aan via onderstaande knop. Aanvraag wachtwoord bestuursleden Welkom op de pagina van de bestuursleden Je bent er [&hellip;]<\/p>","protected":false},"author":2,"featured_media":0,"parent":0,"menu_order":0,"comment_status":"closed","ping_status":"closed","template":"","meta":{"_themeisle_gutenberg_block_has_review":false,"footnotes":""},"class_list":["post-7231","page","type-page","status-publish","hentry"],"_links":{"self":[{"href":"https:\/\/backup.supernils.be\/fr\/wp-json\/wp\/v2\/pages\/7231","targetHints":{"allow":["GET"]}}],"collection":[{"href":"https:\/\/backup.supernils.be\/fr\/wp-json\/wp\/v2\/pages"}],"about":[{"href":"https:\/\/backup.supernils.be\/fr\/wp-json\/wp\/v2\/types\/page"}],"author":[{"embeddable":true,"href":"https:\/\/backup.supernils.be\/fr\/wp-json\/wp\/v2\/users\/2"}],"replies":[{"embeddable":true,"href":"https:\/\/backup.supernils.be\/fr\/wp-json\/wp\/v2\/comments?post=7231"}],"version-history":[{"count":31,"href":"https:\/\/backup.supernils.be\/fr\/wp-json\/wp\/v2\/pages\/7231\/revisions"}],"predecessor-version":[{"id":16178,"href":"https:\/\/backup.supernils.be\/fr\/wp-json\/wp\/v2\/pages\/7231\/revisions\/16178"}],"wp:attachment":[{"href":"https:\/\/backup.supernils.be\/fr\/wp-json\/wp\/v2\/media?parent=7231"}],"curies":[{"name":"wp","href":"https:\/\/api.w.org\/{rel}","templated":true}]}}