{"id":7225,"date":"2023-09-16T10:41:16","date_gmt":"2023-09-16T08:41:16","guid":{"rendered":"https:\/\/backup.supernils.be\/?page_id=7225"},"modified":"2024-09-24T16:08:53","modified_gmt":"2024-09-24T14:08:53","slug":"ik-ben-supernils-lid","status":"publish","type":"page","link":"https:\/\/backup.supernils.be\/fr\/je-suis-supernils-membre\/","title":{"rendered":"Je suis membre de SuperNils"},"content":{"rendered":"<div data-elementor-type=\"wp-page\" data-elementor-id=\"7225\" class=\"elementor elementor-7225\" data-elementor-post-type=\"page\">\n\t\t\t\t<div class=\"elementor-element elementor-element-0f2f61b e-flex e-con-boxed e-con e-parent\" data-id=\"0f2f61b\" data-element_type=\"container\" data-settings=\"{&quot;background_background&quot;:&quot;classic&quot;}\">\n\t\t\t\t\t<div class=\"e-con-inner\">\n\t\t\t\t<div class=\"elementor-element elementor-element-c068f2a elementor-widget elementor-widget-spacer\" data-id=\"c068f2a\" data-element_type=\"widget\" data-widget_type=\"spacer.default\">\n\t\t\t\t<div class=\"elementor-widget-container\">\n\t\t\t\t\t\t\t<div class=\"elementor-spacer\">\n\t\t\t<div class=\"elementor-spacer-inner\"><\/div>\n\t\t<\/div>\n\t\t\t\t\t\t<\/div>\n\t\t\t\t<\/div>\n\t\t\t\t\t<\/div>\n\t\t\t\t<\/div>\n\t\t<div class=\"elementor-element elementor-element-4d571f6b e-flex e-con-boxed e-con e-parent\" data-id=\"4d571f6b\" data-element_type=\"container\" data-settings=\"{&quot;background_background&quot;:&quot;classic&quot;}\">\n\t\t\t\t\t<div class=\"e-con-inner\">\n\t\t<div class=\"elementor-element elementor-element-3e937cb8 e-con-full e-flex e-con e-child\" data-id=\"3e937cb8\" data-element_type=\"container\" data-settings=\"{&quot;background_background&quot;:&quot;slideshow&quot;,&quot;background_slideshow_gallery&quot;:[],&quot;background_slideshow_loop&quot;:&quot;yes&quot;,&quot;background_slideshow_slide_duration&quot;:5000,&quot;background_slideshow_slide_transition&quot;:&quot;fade&quot;,&quot;background_slideshow_transition_duration&quot;:500}\">\n\t\t\t\t<div class=\"elementor-element elementor-element-d81c833 elementor-widget elementor-widget-image\" data-id=\"d81c833\" data-element_type=\"widget\" data-widget_type=\"image.default\">\n\t\t\t\t<div class=\"elementor-widget-container\">\n\t\t\t\t\t\t\t\t\t\t\t\t\t\t\t<img fetchpriority=\"high\" decoding=\"async\" width=\"800\" height=\"671\" src=\"https:\/\/backup.supernils.be\/wp-content\/uploads\/2024\/09\/leden.png\" class=\"attachment-large size-large wp-image-15064\" alt=\"\" srcset=\"https:\/\/backup.supernils.be\/wp-content\/uploads\/2024\/09\/leden.png 940w, https:\/\/backup.supernils.be\/wp-content\/uploads\/2024\/09\/leden-300x251.png 300w, https:\/\/backup.supernils.be\/wp-content\/uploads\/2024\/09\/leden-768x644.png 768w, https:\/\/backup.supernils.be\/wp-content\/uploads\/2024\/09\/leden-14x12.png 14w, https:\/\/backup.supernils.be\/wp-content\/uploads\/2024\/09\/leden-299x251.png 299w, https:\/\/backup.supernils.be\/wp-content\/uploads\/2024\/09\/leden-572x480.png 572w\" sizes=\"(max-width: 800px) 100vw, 800px\" \/>\t\t\t\t\t\t\t\t\t\t\t\t\t\t\t<\/div>\n\t\t\t\t<\/div>\n\t\t\t\t<\/div>\n\t\t<div class=\"elementor-element elementor-element-5e12956c e-con-full e-flex e-con e-child\" data-id=\"5e12956c\" data-element_type=\"container\" data-settings=\"{&quot;background_background&quot;:&quot;classic&quot;}\">\n\t\t\t\t<div class=\"elementor-element elementor-element-5d751b45 elementor-widget elementor-widget-heading\" data-id=\"5d751b45\" data-element_type=\"widget\" data-widget_type=\"heading.default\">\n\t\t\t\t<div class=\"elementor-widget-container\">\n\t\t\t\t\t<h2 class=\"elementor-heading-title elementor-size-default\">Vous y \u00eates presque !<\/h2>\t\t\t\t<\/div>\n\t\t\t\t<\/div>\n\t\t\t\t<div class=\"elementor-element elementor-element-493c5052 elementor-widget__width-initial elementor-widget elementor-widget-text-editor\" data-id=\"493c5052\" data-element_type=\"widget\" data-widget_type=\"text-editor.default\">\n\t\t\t\t<div class=\"elementor-widget-container\">\n\t\t\t\t\t\t\t\t\t<p>Pour acc\u00e9der \u00e0 la page des membres, vous devez disposer d'une <span style=\"text-decoration: underline;\"><strong>mot de passe<\/strong><\/span> entrer. Vous le trouverez sur votre <span style=\"text-decoration: underline;\"><strong>carte de membre<\/strong><\/span> (\u00e0 partir de 2024).\u00a0<\/p><p>Vous avez oubli\u00e9 votre mot de passe ou perdu votre carte de membre ? Pas de probl\u00e8me. Demandez votre mot de passe en cliquant sur ce bouton. Vous le recevrez par e-mail apr\u00e8s v\u00e9rification de votre adh\u00e9sion.<\/p>\t\t\t\t\t\t\t\t<\/div>\n\t\t\t\t<\/div>\n\t\t\t\t<div class=\"elementor-element elementor-element-48d81577 elementor-tablet-align-center elementor-mobile-align-left elementor-widget elementor-widget-button\" data-id=\"48d81577\" data-element_type=\"widget\" data-widget_type=\"button.default\">\n\t\t\t\t<div class=\"elementor-widget-container\">\n\t\t\t\t\t\t\t\t\t<div class=\"elementor-button-wrapper\">\n\t\t\t\t\t<a class=\"elementor-button elementor-button-link elementor-size-sm elementor-animation-shrink\" href=\"https:\/\/backup.supernils.be\/fr\/elementor-9532\/\">\n\t\t\t\t\t\t<span class=\"elementor-button-content-wrapper\">\n\t\t\t\t\t\t\t\t\t<span class=\"elementor-button-text\">Demande de mot de passe<\/span>\n\t\t\t\t\t<\/span>\n\t\t\t\t\t<\/a>\n\t\t\t\t<\/div>\n\t\t\t\t\t\t\t\t<\/div>\n\t\t\t\t<\/div>\n\t\t\t\t<\/div>\n\t\t\t\t\t<\/div>\n\t\t\t\t<\/div>\n\t\t<div class=\"elementor-element elementor-element-81e3b3e e-flex e-con-boxed e-con e-parent\" data-id=\"81e3b3e\" data-element_type=\"container\">\n\t\t\t\t\t<div class=\"e-con-inner\">\n\t\t\t\t<div class=\"elementor-element elementor-element-9a4c095 elementor-widget elementor-widget-spacer\" data-id=\"9a4c095\" data-element_type=\"widget\" data-widget_type=\"spacer.default\">\n\t\t\t\t<div class=\"elementor-widget-container\">\n\t\t\t\t\t\t\t<div class=\"elementor-spacer\">\n\t\t\t<div class=\"elementor-spacer-inner\"><\/div>\n\t\t<\/div>\n\t\t\t\t\t\t<\/div>\n\t\t\t\t<\/div>\n\t\t\t\t\t<\/div>\n\t\t\t\t<\/div>\n\t\t<div class=\"elementor-element elementor-element-ef772bb e-con-full e-flex e-con e-parent\" data-id=\"ef772bb\" data-element_type=\"container\" data-settings=\"{&quot;background_background&quot;:&quot;classic&quot;}\">\n\t\t<div class=\"elementor-element elementor-element-38ba839 e-con-full e-flex e-con e-child\" data-id=\"38ba839\" data-element_type=\"container\">\n\t\t\t\t<div class=\"elementor-element elementor-element-fdc55f9 elementor-align-center elementor-widget elementor-widget-button\" data-id=\"fdc55f9\" data-element_type=\"widget\" data-widget_type=\"button.default\">\n\t\t\t\t<div class=\"elementor-widget-container\">\n\t\t\t\t\t\t\t\t\t<div class=\"elementor-button-wrapper\">\n\t\t\t\t\t<a class=\"elementor-button elementor-button-link elementor-size-lg elementor-animation-grow\" href=\"https:\/\/backup.supernils.be\/fr\/elementor-9571\/\">\n\t\t\t\t\t\t<span class=\"elementor-button-content-wrapper\">\n\t\t\t\t\t\t\t\t\t<span class=\"elementor-button-text\">Bienvenue sur la page des membres<\/span>\n\t\t\t\t\t<\/span>\n\t\t\t\t\t<\/a>\n\t\t\t\t<\/div>\n\t\t\t\t\t\t\t\t<\/div>\n\t\t\t\t<\/div>\n\t\t\t\t<\/div>\n\t\t<div class=\"elementor-element elementor-element-ad0efaf e-con-full e-flex e-con e-child\" data-id=\"ad0efaf\" data-element_type=\"container\">\n\t\t\t\t<div class=\"elementor-element elementor-element-f3f1b35 elementor-widget elementor-widget-heading\" data-id=\"f3f1b35\" data-element_type=\"widget\" data-widget_type=\"heading.default\">\n\t\t\t\t<div class=\"elementor-widget-container\">\n\t\t\t\t\t<h2 class=\"elementor-heading-title elementor-size-default\">Le moment est venu ! Vous pouvez d\u00e9sormais vous connecter \u00e0 droite.<\/h2>\t\t\t\t<\/div>\n\t\t\t\t<\/div>\n\t\t\t\t<\/div>\n\t\t\t\t<\/div>\n\t\t<div class=\"elementor-element elementor-element-2eb03b3 e-flex e-con-boxed e-con e-parent\" data-id=\"2eb03b3\" data-element_type=\"container\">\n\t\t\t\t\t<div class=\"e-con-inner\">\n\t\t\t\t<div class=\"elementor-element elementor-element-1e0a682 elementor-widget elementor-widget-spacer\" data-id=\"1e0a682\" data-element_type=\"widget\" data-widget_type=\"spacer.default\">\n\t\t\t\t<div class=\"elementor-widget-container\">\n\t\t\t\t\t\t\t<div class=\"elementor-spacer\">\n\t\t\t<div class=\"elementor-spacer-inner\"><\/div>\n\t\t<\/div>\n\t\t\t\t\t\t<\/div>\n\t\t\t\t<\/div>\n\t\t\t\t\t<\/div>\n\t\t\t\t<\/div>\n\t\t<div class=\"elementor-element elementor-element-86ec711 e-flex e-con-boxed e-con e-parent\" data-id=\"86ec711\" data-element_type=\"container\">\n\t\t\t\t\t<div class=\"e-con-inner\">\n\t\t\t\t<div class=\"elementor-element elementor-element-5732a79 elementor-widget elementor-widget-spacer\" data-id=\"5732a79\" data-element_type=\"widget\" data-widget_type=\"spacer.default\">\n\t\t\t\t<div class=\"elementor-widget-container\">\n\t\t\t\t\t\t\t<div class=\"elementor-spacer\">\n\t\t\t<div class=\"elementor-spacer-inner\"><\/div>\n\t\t<\/div>\n\t\t\t\t\t\t<\/div>\n\t\t\t\t<\/div>\n\t\t\t\t\t<\/div>\n\t\t\t\t<\/div>\n\t\t\t\t<\/div>","protected":false},"excerpt":{"rendered":"<p>Je bent er bijna ! Om toegang te krijgen tot de ledenpagina moet je een wachtwoord ingeven. Dat vind je terug op je lidkaart (vanaf 2024).\u00a0 Ben je het wachtwoord vergeten of je lidkaart verloren? Niet erg. Vraag het wachtwoord terug aan via deze knop. Je ontvangt het via mail, nadat we jouw lidmaatschap hebben [&hellip;]<\/p>","protected":false},"author":2,"featured_media":0,"parent":0,"menu_order":0,"comment_status":"closed","ping_status":"closed","template":"","meta":{"_themeisle_gutenberg_block_has_review":false,"footnotes":""},"class_list":["post-7225","page","type-page","status-publish","hentry"],"_links":{"self":[{"href":"https:\/\/backup.supernils.be\/fr\/wp-json\/wp\/v2\/pages\/7225","targetHints":{"allow":["GET"]}}],"collection":[{"href":"https:\/\/backup.supernils.be\/fr\/wp-json\/wp\/v2\/pages"}],"about":[{"href":"https:\/\/backup.supernils.be\/fr\/wp-json\/wp\/v2\/types\/page"}],"author":[{"embeddable":true,"href":"https:\/\/backup.supernils.be\/fr\/wp-json\/wp\/v2\/users\/2"}],"replies":[{"embeddable":true,"href":"https:\/\/backup.supernils.be\/fr\/wp-json\/wp\/v2\/comments?post=7225"}],"version-history":[{"count":29,"href":"https:\/\/backup.supernils.be\/fr\/wp-json\/wp\/v2\/pages\/7225\/revisions"}],"predecessor-version":[{"id":16187,"href":"https:\/\/backup.supernils.be\/fr\/wp-json\/wp\/v2\/pages\/7225\/revisions\/16187"}],"wp:attachment":[{"href":"https:\/\/backup.supernils.be\/fr\/wp-json\/wp\/v2\/media?parent=7225"}],"curies":[{"name":"wp","href":"https:\/\/api.w.org\/{rel}","templated":true}]}}