{"id":7154,"date":"2023-09-16T10:21:51","date_gmt":"2023-09-16T08:21:51","guid":{"rendered":"https:\/\/backup.supernils.be\/careers\/"},"modified":"2024-09-24T17:02:11","modified_gmt":"2024-09-24T15:02:11","slug":"nieuws-2","status":"publish","type":"page","link":"https:\/\/backup.supernils.be\/fr\/news-2\/","title":{"rendered":"Actualit\u00e9s"},"content":{"rendered":"<div data-elementor-type=\"wp-page\" data-elementor-id=\"7154\" class=\"elementor elementor-7154\" data-elementor-post-type=\"page\">\n\t\t\t\t<div class=\"elementor-element elementor-element-9295317 e-flex e-con-boxed e-con e-parent\" data-id=\"9295317\" data-element_type=\"container\">\n\t\t\t\t\t<div class=\"e-con-inner\">\n\t\t\t\t<div class=\"elementor-element elementor-element-1f8de5a elementor-widget elementor-widget-spacer\" data-id=\"1f8de5a\" data-element_type=\"widget\" data-widget_type=\"spacer.default\">\n\t\t\t\t<div class=\"elementor-widget-container\">\n\t\t\t\t\t\t\t<div class=\"elementor-spacer\">\n\t\t\t<div class=\"elementor-spacer-inner\"><\/div>\n\t\t<\/div>\n\t\t\t\t\t\t<\/div>\n\t\t\t\t<\/div>\n\t\t\t\t\t<\/div>\n\t\t\t\t<\/div>\n\t\t<div class=\"elementor-element elementor-element-7e93a8a8 e-flex e-con-boxed e-con e-parent\" data-id=\"7e93a8a8\" data-element_type=\"container\" data-settings=\"{&quot;background_background&quot;:&quot;classic&quot;,&quot;shape_divider_top&quot;:&quot;clouds&quot;,&quot;shape_divider_bottom&quot;:&quot;mountains&quot;}\">\n\t\t\t\t\t<div class=\"e-con-inner\">\n\t\t\t\t<div class=\"elementor-shape elementor-shape-top\" data-negative=\"false\">\n\t\t\t<svg xmlns=\"http:\/\/www.w3.org\/2000\/svg\" viewbox=\"0 0 283.5 27.8\" preserveaspectratio=\"xMidYMax slice\">\n  <path class=\"elementor-shape-fill\" d=\"M0 0v6.7c1.9-.8 4.7-1.4 8.5-1 9.5 1.1 11.1 6 11.1 6s2.1-.7 4.3-.2c2.1.5 2.8 2.6 2.8 2.6s.2-.5 1.4-.7c1.2-.2 1.7.2 1.7.2s0-2.1 1.9-2.8c1.9-.7 3.6.7 3.6.7s.7-2.9 3.1-4.1 4.7 0 4.7 0 1.2-.5 2.4 0 1.7 1.4 1.7 1.4h1.4c.7 0 1.2.7 1.2.7s.8-1.8 4-2.2c3.5-.4 5.3 2.4 6.2 4.4.4-.4 1-.7 1.8-.9 2.8-.7 4 .7 4 .7s1.7-5 11.1-6c9.5-1.1 12.3 3.9 12.3 3.9s1.2-4.8 5.7-5.7c4.5-.9 6.8 1.8 6.8 1.8s.6-.6 1.5-.9c.9-.2 1.9-.2 1.9-.2s5.2-6.4 12.6-3.3c7.3 3.1 4.7 9 4.7 9s1.9-.9 4 0 2.8 2.4 2.8 2.4 1.9-1.2 4.5-1.2 4.3 1.2 4.3 1.2.2-1 1.4-1.7 2.1-.7 2.1-.7-.5-3.1 2.1-5.5 5.7-1.4 5.7-1.4 1.5-2.3 4.2-1.1c2.7 1.2 1.7 5.2 1.7 5.2s.3-.1 1.3.5c.5.4.8.8.9 1.1.5-1.4 2.4-5.8 8.4-4 7.1 2.1 3.5 8.9 3.5 8.9s.8-.4 2 0 1.1 1.1 1.1 1.1 1.1-1.1 2.3-1.1 2.1.5 2.1.5 1.9-3.6 6.2-1.2 1.9 6.4 1.9 6.4 2.6-2.4 7.4 0c3.4 1.7 3.9 4.9 3.9 4.9s3.3-6.9 10.4-7.9 11.5 2.6 11.5 2.6.8 0 1.2.2c.4.2.9.9.9.9s4.4-3.1 8.3.2c1.9 1.7 1.5 5 1.5 5s.3-1.1 1.6-1.4c1.3-.3 2.3.2 2.3.2s-.1-1.2.5-1.9 1.9-.9 1.9-.9-4.7-9.3 4.4-13.4c5.6-2.5 9.2.9 9.2.9s5-6.2 15.9-6.2 16.1 8.1 16.1 8.1.7-.2 1.6-.4V0H0z\"\/>\n<\/svg>\n\t\t<\/div>\n\t\t\t\t<div class=\"elementor-shape elementor-shape-bottom\" data-negative=\"false\">\n\t\t\t<svg xmlns=\"http:\/\/www.w3.org\/2000\/svg\" viewbox=\"0 0 1000 100\" preserveaspectratio=\"none\">\n\t<path class=\"elementor-shape-fill\" opacity=\"0.33\" d=\"M473,67.3c-203.9,88.3-263.1-34-320.3,0C66,119.1,0,59.7,0,59.7V0h1000v59.7 c0,0-62.1,26.1-94.9,29.3c-32.8,3.3-62.8-12.3-75.8-22.1C806,49.6,745.3,8.7,694.9,4.7S492.4,59,473,67.3z\"\/>\n\t<path class=\"elementor-shape-fill\" opacity=\"0.66\" d=\"M734,67.3c-45.5,0-77.2-23.2-129.1-39.1c-28.6-8.7-150.3-10.1-254,39.1 s-91.7-34.4-149.2,0C115.7,118.3,0,39.8,0,39.8V0h1000v36.5c0,0-28.2-18.5-92.1-18.5C810.2,18.1,775.7,67.3,734,67.3z\"\/>\n\t<path class=\"elementor-shape-fill\" d=\"M766.1,28.9c-200-57.5-266,65.5-395.1,19.5C242,1.8,242,5.4,184.8,20.6C128,35.8,132.3,44.9,89.9,52.5C28.6,63.7,0,0,0,0 h1000c0,0-9.9,40.9-83.6,48.1S829.6,47,766.1,28.9z\"\/>\n<\/svg>\t\t<\/div>\n\t\t<div class=\"elementor-element elementor-element-65a91c93 e-con-full e-flex e-con e-child\" data-id=\"65a91c93\" data-element_type=\"container\">\n\t\t\t\t<div class=\"elementor-element elementor-element-3861c512 animated-slow elementor-widget elementor-widget-heading\" data-id=\"3861c512\" data-element_type=\"widget\" data-settings=\"{&quot;_animation&quot;:&quot;none&quot;}\" data-widget_type=\"heading.default\">\n\t\t\t\t<div class=\"elementor-widget-container\">\n\t\t\t\t\t<h2 class=\"elementor-heading-title elementor-size-default\">R\u00e9sum\u00e9 de l'actualit\u00e9 de SuperNils<\/h2>\t\t\t\t<\/div>\n\t\t\t\t<\/div>\n\t\t\t\t<div class=\"elementor-element elementor-element-7a3b52fb animated-slow elementor-widget elementor-widget-heading\" data-id=\"7a3b52fb\" data-element_type=\"widget\" data-settings=\"{&quot;_animation&quot;:&quot;none&quot;}\" data-widget_type=\"heading.default\">\n\t\t\t\t<div class=\"elementor-widget-container\">\n\t\t\t\t\t<h2 class=\"elementor-heading-title elementor-size-default\">Se tenir au courant des tenants et aboutissants de notre organisation<\/h2>\t\t\t\t<\/div>\n\t\t\t\t<\/div>\n\t\t\t\t<div class=\"elementor-element elementor-element-252f47b elementor-widget elementor-widget-text-editor\" data-id=\"252f47b\" data-element_type=\"widget\" data-widget_type=\"text-editor.default\">\n\t\t\t\t<div class=\"elementor-widget-container\">\n\t\t\t\t\t\t\t\t\t<p>L'Asbl SuperNils souhaite vous tenir inform\u00e9 de ses activit\u00e9s. D\u00e8s qu'un article est publi\u00e9 dans la presse, vous le trouverez \u00e9galement ici. Une lettre d'information mensuelle est publi\u00e9e avec des faits et des messages. Si nous participons \u00e0 une activit\u00e9, vous en prendrez connaissance sur cette page. Et si nous organisons une formation ou un webinaire, nous vous y inviterons par le biais de cet aper\u00e7u des actualit\u00e9s. Vous pouvez s\u00e9lectionner les messages \u00e0 l'aide des boutons.<\/p>\t\t\t\t\t\t\t\t<\/div>\n\t\t\t\t<\/div>\n\t\t\t\t<\/div>\n\t\t\t\t<div class=\"elementor-element elementor-element-2d72f9fb elementor-widget elementor-widget-image\" data-id=\"2d72f9fb\" data-element_type=\"widget\" data-widget_type=\"image.default\">\n\t\t\t\t<div class=\"elementor-widget-container\">\n\t\t\t\t\t\t\t\t\t\t\t\t\t\t\t<img fetchpriority=\"high\" decoding=\"async\" width=\"791\" height=\"1054\" src=\"https:\/\/backup.supernils.be\/wp-content\/uploads\/2024\/09\/OK-001-c9783e05-18a9-4780-aea3-5184a9ed0a40-791x1054.jpg\" class=\"attachment-large size-large wp-image-15686\" alt=\"\" srcset=\"https:\/\/backup.supernils.be\/wp-content\/uploads\/2024\/09\/OK-001-c9783e05-18a9-4780-aea3-5184a9ed0a40-791x1054.jpg 791w, https:\/\/backup.supernils.be\/wp-content\/uploads\/2024\/09\/OK-001-c9783e05-18a9-4780-aea3-5184a9ed0a40-225x300.jpg 225w, https:\/\/backup.supernils.be\/wp-content\/uploads\/2024\/09\/OK-001-c9783e05-18a9-4780-aea3-5184a9ed0a40-768x1024.jpg 768w, https:\/\/backup.supernils.be\/wp-content\/uploads\/2024\/09\/OK-001-c9783e05-18a9-4780-aea3-5184a9ed0a40-1152x1536.jpg 1152w, https:\/\/backup.supernils.be\/wp-content\/uploads\/2024\/09\/OK-001-c9783e05-18a9-4780-aea3-5184a9ed0a40-9x12.jpg 9w, https:\/\/backup.supernils.be\/wp-content\/uploads\/2024\/09\/OK-001-c9783e05-18a9-4780-aea3-5184a9ed0a40-299x399.jpg 299w, https:\/\/backup.supernils.be\/wp-content\/uploads\/2024\/09\/OK-001-c9783e05-18a9-4780-aea3-5184a9ed0a40-572x763.jpg 572w, https:\/\/backup.supernils.be\/wp-content\/uploads\/2024\/09\/OK-001-c9783e05-18a9-4780-aea3-5184a9ed0a40.jpg 1536w\" sizes=\"(max-width: 791px) 100vw, 791px\" \/>\t\t\t\t\t\t\t\t\t\t\t\t\t\t\t<\/div>\n\t\t\t\t<\/div>\n\t\t\t\t\t<\/div>\n\t\t\t\t<\/div>\n\t\t<div class=\"elementor-element elementor-element-95ac382 e-flex e-con-boxed e-con e-parent\" data-id=\"95ac382\" data-element_type=\"container\">\n\t\t\t\t\t<div class=\"e-con-inner\">\n\t\t\t\t<div class=\"elementor-element elementor-element-81b0798 elementor-widget elementor-widget-spacer\" data-id=\"81b0798\" data-element_type=\"widget\" data-widget_type=\"spacer.default\">\n\t\t\t\t<div class=\"elementor-widget-container\">\n\t\t\t\t\t\t\t<div class=\"elementor-spacer\">\n\t\t\t<div class=\"elementor-spacer-inner\"><\/div>\n\t\t<\/div>\n\t\t\t\t\t\t<\/div>\n\t\t\t\t<\/div>\n\t\t\t\t\t<\/div>\n\t\t\t\t<\/div>\n\t\t<div class=\"elementor-element elementor-element-1a15e86 e-flex e-con-boxed e-con e-parent\" data-id=\"1a15e86\" data-element_type=\"container\">\n\t\t\t\t\t<div class=\"e-con-inner\">\n\t\t<div class=\"elementor-element elementor-element-c172146 e-con-full e-flex e-con e-child\" data-id=\"c172146\" data-element_type=\"container\">\n\t\t\t\t<div class=\"elementor-element elementor-element-cd90564 elementor-widget elementor-widget-heading\" data-id=\"cd90564\" data-element_type=\"widget\" data-widget_type=\"heading.default\">\n\t\t\t\t<div class=\"elementor-widget-container\">\n\t\t\t\t\t<h2 class=\"elementor-heading-title elementor-size-default\"><a href=\"https:\/\/backup.supernils.be\/fr\/category\/nouvelles\/\">Actualit\u00e9s<\/a><\/h2>\t\t\t\t<\/div>\n\t\t\t\t<\/div>\n\t\t\t\t<\/div>\n\t\t<div class=\"elementor-element elementor-element-4b4cc52 e-con-full e-flex e-con e-child\" data-id=\"4b4cc52\" data-element_type=\"container\">\n\t\t\t\t<div class=\"elementor-element elementor-element-7237cf0 elementor-widget elementor-widget-heading\" data-id=\"7237cf0\" data-element_type=\"widget\" data-widget_type=\"heading.default\">\n\t\t\t\t<div class=\"elementor-widget-container\">\n\t\t\t\t\t<h2 class=\"elementor-heading-title elementor-size-default\"><a href=\"https:\/\/backup.supernils.be\/fr\/category\/medias\/\">Les m\u00e9dias<\/a><\/h2>\t\t\t\t<\/div>\n\t\t\t\t<\/div>\n\t\t\t\t<\/div>\n\t\t<div class=\"elementor-element elementor-element-b5ea807 e-con-full e-flex e-con e-child\" data-id=\"b5ea807\" data-element_type=\"container\">\n\t\t\t\t<div class=\"elementor-element elementor-element-7a3723d elementor-widget elementor-widget-heading\" data-id=\"7a3723d\" data-element_type=\"widget\" data-widget_type=\"heading.default\">\n\t\t\t\t<div class=\"elementor-widget-container\">\n\t\t\t\t\t<h2 class=\"elementor-heading-title elementor-size-default\"><a href=\"https:\/\/backup.supernils.be\/fr\/category\/activites\/\">Activit\u00e9s<\/a><\/h2>\t\t\t\t<\/div>\n\t\t\t\t<\/div>\n\t\t\t\t<\/div>\n\t\t<div class=\"elementor-element elementor-element-b213a72 e-con-full e-flex e-con e-child\" data-id=\"b213a72\" data-element_type=\"container\">\n\t\t\t\t<div class=\"elementor-element elementor-element-fd6e879 elementor-widget elementor-widget-heading\" data-id=\"fd6e879\" data-element_type=\"widget\" data-widget_type=\"heading.default\">\n\t\t\t\t<div class=\"elementor-widget-container\">\n\t\t\t\t\t<h2 class=\"elementor-heading-title elementor-size-default\"><a href=\"https:\/\/backup.supernils.be\/fr\/category\/seminaires-en-ligne\/\">Webinaires<\/a><\/h2>\t\t\t\t<\/div>\n\t\t\t\t<\/div>\n\t\t\t\t<\/div>\n\t\t<div class=\"elementor-element elementor-element-955a596 e-con-full e-flex e-con e-child\" data-id=\"955a596\" data-element_type=\"container\">\n\t\t\t\t<div class=\"elementor-element elementor-element-980745f elementor-widget elementor-widget-heading\" data-id=\"980745f\" data-element_type=\"widget\" data-widget_type=\"heading.default\">\n\t\t\t\t<div class=\"elementor-widget-container\">\n\t\t\t\t\t<h2 class=\"elementor-heading-title elementor-size-default\"><a href=\"https:\/\/backup.supernils.be\/fr\/category\/formations\/\">Formation<\/a><\/h2>\t\t\t\t<\/div>\n\t\t\t\t<\/div>\n\t\t\t\t<\/div>\n\t\t\t\t\t<\/div>\n\t\t\t\t<\/div>\n\t\t<div class=\"elementor-element elementor-element-45872ff e-flex e-con-boxed e-con e-parent\" data-id=\"45872ff\" data-element_type=\"container\">\n\t\t\t\t\t<div class=\"e-con-inner\">\n\t\t\t\t<div class=\"elementor-element elementor-element-c203a4c elementor-grid-3 elementor-grid-tablet-2 elementor-grid-mobile-1 elementor-posts--thumbnail-top elementor-card-shadow-yes elementor-posts__hover-gradient elementor-widget elementor-widget-posts\" data-id=\"c203a4c\" data-element_type=\"widget\" data-settings=\"{&quot;cards_row_gap&quot;:{&quot;unit&quot;:&quot;px&quot;,&quot;size&quot;:34,&quot;sizes&quot;:[]},&quot;pagination_type&quot;:&quot;numbers&quot;,&quot;cards_masonry&quot;:&quot;yes&quot;,&quot;cards_columns&quot;:&quot;3&quot;,&quot;cards_columns_tablet&quot;:&quot;2&quot;,&quot;cards_columns_mobile&quot;:&quot;1&quot;,&quot;cards_row_gap_tablet&quot;:{&quot;unit&quot;:&quot;px&quot;,&quot;size&quot;:&quot;&quot;,&quot;sizes&quot;:[]},&quot;cards_row_gap_mobile&quot;:{&quot;unit&quot;:&quot;px&quot;,&quot;size&quot;:&quot;&quot;,&quot;sizes&quot;:[]}}\" data-widget_type=\"posts.cards\">\n\t\t\t\t<div class=\"elementor-widget-container\">\n\t\t\t\t\t\t\t<div class=\"elementor-posts-container elementor-posts elementor-posts--skin-cards elementor-grid\">\n\t\t\t\t<article class=\"elementor-post elementor-grid-item post-14618 post type-post status-publish format-standard hentry category-activiteiten category-nieuws\">\n\t\t\t<div class=\"elementor-post__card\">\n\t\t\t\t<div class=\"elementor-post__text\">\n\t\t\t\t<h3 class=\"elementor-post__title\">\n\t\t\t<a href=\"https:\/\/backup.supernils.be\/fr\/2024\/08\/17\/photos-de-vie-2\/\" >\n\t\t\t\tLevensloop Schoten 2024 - s'inscrire ici\t\t\t<\/a>\n\t\t<\/h3>\n\t\t\t\t<div class=\"elementor-post__excerpt\">\n\t\t\t<p>Levensloop Schoten approche... Le week-end du samedi 7 et dimanche 8 septembre 2024, c'est \u00e0 nouveau le moment. Avec de nombreuses autres \u00e9quipes et b\u00e9n\u00e9voles, nous bougerons pendant 24 heures pour la bonne cause en soutenant la Fondation contre le cancer. L'argent r\u00e9colt\u00e9 sera utilis\u00e9 pour la recherche scientifique,<\/p>\n\t\t<\/div>\n\t\t\n\t\t<a class=\"elementor-post__read-more\" href=\"https:\/\/backup.supernils.be\/fr\/2024\/08\/17\/photos-de-vie-2\/\" aria-label=\"En savoir plus sur Levensloop Schoten 2024 &#8211; inschrijven kan hier\" tabindex=\"-1\" >\n\t\t\tLire la suite \"\t\t<\/a>\n\n\t\t\t\t<\/div>\n\t\t\t\t<div class=\"elementor-post__meta-data\">\n\t\t\t\t\t<span class=\"elementor-post-date\">\n\t\t\t17 ao\u00fbt 2024\t\t<\/span>\n\t\t\t\t<\/div>\n\t\t\t\t\t<\/div>\n\t\t<\/article>\n\t\t\t\t<article class=\"elementor-post elementor-grid-item post-13933 post type-post status-publish format-standard hentry category-uncategorized\">\n\t\t\t<div class=\"elementor-post__card\">\n\t\t\t\t<div class=\"elementor-post__text\">\n\t\t\t\t<h3 class=\"elementor-post__title\">\n\t\t\t<a href=\"https:\/\/backup.supernils.be\/fr\/2024\/03\/18\/formulaire-dinscription\/\" >\n\t\t\t\tGroupes de discussion - int\u00e9r\u00eat\t\t\t<\/a>\n\t\t<\/h3>\n\t\t\t\t<div class=\"elementor-post__excerpt\">\n\t\t\t<p>L'asbl SuperNils et Servier organisent ... Groupes de parole pour les proches de patients atteints d'un cancer h\u00e9matologique Activez JavaScript dans votre navigateur pour remplir ce formulaire.Nom *Pr\u00e9nomSurnomMon lieu de r\u00e9sidence se trouve dans la province * Anvers Limbourg Flandre occidentale Flandre orientale Brabant flamand Brabant wallon Li\u00e8ge Namur Hainaut Luxembourg Contact via cette adresse e-mail *T\u00e9l\u00e9phone (non obligatoire)<\/p>\n\t\t<\/div>\n\t\t\n\t\t<a class=\"elementor-post__read-more\" href=\"https:\/\/backup.supernils.be\/fr\/2024\/03\/18\/formulaire-dinscription\/\" aria-label=\"En savoir plus sur Praatgroepen &#8211; interesse\" tabindex=\"-1\" >\n\t\t\tLire la suite \"\t\t<\/a>\n\n\t\t\t\t<\/div>\n\t\t\t\t<div class=\"elementor-post__meta-data\">\n\t\t\t\t\t<span class=\"elementor-post-date\">\n\t\t\t18 mars 2024\t\t<\/span>\n\t\t\t\t<\/div>\n\t\t\t\t\t<\/div>\n\t\t<\/article>\n\t\t\t\t<article class=\"elementor-post elementor-grid-item post-13857 post type-post status-publish format-standard hentry category-activiteiten category-nieuws\">\n\t\t\t<div class=\"elementor-post__card\">\n\t\t\t\t<div class=\"elementor-post__text\">\n\t\t\t\t<h3 class=\"elementor-post__title\">\n\t\t\t<a href=\"https:\/\/backup.supernils.be\/fr\/2024\/03\/11\/photos-de-vie\/\" >\n\t\t\t\tLevensloop Schoten - \u00e9quipe SuperNils\t\t\t<\/a>\n\t\t<\/h3>\n\t\t\t\t<div class=\"elementor-post__excerpt\">\n\t\t\t<p>Levensloop Schoten 2024 Gardez le week-end du 7 et 8 septembre 2024 GRATUIT ! L'asbl SuperNils recherche alors des marcheurs et des coureurs, jeunes et moins jeunes, pour rejoindre son \u00e9quipe. Si tout le monde vient marcher pendant une heure dans le magnifique parc de Schoten, nous pourrons facilement couvrir les 24 heures, seulement<\/p>\n\t\t<\/div>\n\t\t\n\t\t<a class=\"elementor-post__read-more\" href=\"https:\/\/backup.supernils.be\/fr\/2024\/03\/11\/photos-de-vie\/\" aria-label=\"En savoir plus sur Levensloop Schoten &#8211; team SuperNils\" tabindex=\"-1\" >\n\t\t\tLire la suite \"\t\t<\/a>\n\n\t\t\t\t<\/div>\n\t\t\t\t<div class=\"elementor-post__meta-data\">\n\t\t\t\t\t<span class=\"elementor-post-date\">\n\t\t\t11 mars 2024\t\t<\/span>\n\t\t\t\t<\/div>\n\t\t\t\t\t<\/div>\n\t\t<\/article>\n\t\t\t\t<article class=\"elementor-post elementor-grid-item post-13792 post type-post status-publish format-standard hentry category-webinars\">\n\t\t\t<div class=\"elementor-post__card\">\n\t\t\t\t<div class=\"elementor-post__text\">\n\t\t\t\t<h3 class=\"elementor-post__title\">\n\t\t\t<a href=\"https:\/\/backup.supernils.be\/fr\/2024\/03\/10\/reprise-du-travail\/\" >\n\t\t\t\tWebinaire sur la reprise du travail apr\u00e8s un cancer\t\t\t<\/a>\n\t\t<\/h3>\n\t\t\t\t<div class=\"elementor-post__excerpt\">\n\t\t\t<p>Webinar over werkhervatting na kanker Wat moet je doen, om je werk na kanker wel of niet te hervatten Leer het allemaal in deze interessante webinar, die we via onze website mochten delen, van Lymfklierkanker Vereniging Vlaanderen. Klik op de oranje titel bovenaan en kijk en luister.<\/p>\n\t\t<\/div>\n\t\t\n\t\t<a class=\"elementor-post__read-more\" href=\"https:\/\/backup.supernils.be\/fr\/2024\/03\/10\/reprise-du-travail\/\" aria-label=\"En savoir plus sur Webinar werkhervatting na kanker\" tabindex=\"-1\" >\n\t\t\tLire la suite \"\t\t<\/a>\n\n\t\t\t\t<\/div>\n\t\t\t\t<div class=\"elementor-post__meta-data\">\n\t\t\t\t\t<span class=\"elementor-post-date\">\n\t\t\t10 mars 2024\t\t<\/span>\n\t\t\t\t<\/div>\n\t\t\t\t\t<\/div>\n\t\t<\/article>\n\t\t\t\t<article class=\"elementor-post elementor-grid-item post-13677 post type-post status-publish format-standard hentry category-nieuws\">\n\t\t\t<div class=\"elementor-post__card\">\n\t\t\t\t<div class=\"elementor-post__text\">\n\t\t\t\t<h3 class=\"elementor-post__title\">\n\t\t\t<a href=\"https:\/\/backup.supernils.be\/fr\/2024\/02\/24\/etui-du-mouvement-de-lancement\/\" >\n\t\t\t\tLancement d'un dossier de motion\t\t\t<\/a>\n\t\t<\/h3>\n\t\t\t\t<div class=\"elementor-post__excerpt\">\n\t\t\t<p>Lancement de l'\u00e9tui du mouvement vzw SuperNils Le vendredi 23 f\u00e9vrier 2024, c'\u00e9tait le jour ! Notre cas de mouvement a \u00e9t\u00e9 officiellement pr\u00e9sent\u00e9 et lanc\u00e9. Cela s'est pass\u00e9 \u00e0 l'UZ Antwerpen, au service d'onco-h\u00e9matologie p\u00e9diatrique. Et ce, en pr\u00e9sence de notre mascotte SuperNils, de Christel et Veerle de la Fondation contre le cancer, de Sofie de la Fondation UZA et d'ATV.<\/p>\n\t\t<\/div>\n\t\t\n\t\t<a class=\"elementor-post__read-more\" href=\"https:\/\/backup.supernils.be\/fr\/2024\/02\/24\/etui-du-mouvement-de-lancement\/\" aria-label=\"En savoir plus sur Bewegingskoffer-lancering\" tabindex=\"-1\" >\n\t\t\tLire la suite \"\t\t<\/a>\n\n\t\t\t\t<\/div>\n\t\t\t\t<div class=\"elementor-post__meta-data\">\n\t\t\t\t\t<span class=\"elementor-post-date\">\n\t\t\t24 f\u00e9vrier 2024\t\t<\/span>\n\t\t\t\t<\/div>\n\t\t\t\t\t<\/div>\n\t\t<\/article>\n\t\t\t\t<article class=\"elementor-post elementor-grid-item post-13464 post type-post status-publish format-standard hentry category-uncategorized\">\n\t\t\t<div class=\"elementor-post__card\">\n\t\t\t\t<div class=\"elementor-post__text\">\n\t\t\t\t<h3 class=\"elementor-post__title\">\n\t\t\t<a href=\"https:\/\/backup.supernils.be\/fr\/2024\/01\/31\/communique-de-presse-affaire-du-mouvement-des-supernils\/\" >\n\t\t\t\tCommuniqu\u00e9 de presse \"SuperNils movement case\" (en anglais)\t\t\t<\/a>\n\t\t<\/h3>\n\t\t\t\t<div class=\"elementor-post__excerpt\">\n\t\t\t\t\t<\/div>\n\t\t\n\t\t<a class=\"elementor-post__read-more\" href=\"https:\/\/backup.supernils.be\/fr\/2024\/01\/31\/communique-de-presse-affaire-du-mouvement-des-supernils\/\" aria-label=\"En savoir plus sur Persbericht &#8220;SuperNils bewegingskoffer&#8221;\" tabindex=\"-1\" >\n\t\t\tLire la suite \"\t\t<\/a>\n\n\t\t\t\t<\/div>\n\t\t\t\t<div class=\"elementor-post__meta-data\">\n\t\t\t\t\t<span class=\"elementor-post-date\">\n\t\t\t31 janvier 2024\t\t<\/span>\n\t\t\t\t<\/div>\n\t\t\t\t\t<\/div>\n\t\t<\/article>\n\t\t\t\t<article class=\"elementor-post elementor-grid-item post-13007 post type-post status-publish format-standard hentry category-creatief category-in-ontwikkeling category-supernils\">\n\t\t\t<div class=\"elementor-post__card\">\n\t\t\t\t<div class=\"elementor-post__text\">\n\t\t\t\t<h3 class=\"elementor-post__title\">\n\t\t\t<a href=\"https:\/\/backup.supernils.be\/fr\/2023\/12\/09\/element-10142-3-2\/\" >\n\t\t\t\tFabriquer sa propre poup\u00e9e SuperNils\t\t\t<\/a>\n\t\t<\/h3>\n\t\t\t\t<div class=\"elementor-post__excerpt\">\n\t\t\t<p>Fabriquez votre propre poup\u00e9e SuperNils en collaboration avec LuKiArt vzw - Sint-Martens-Latem Nous avons fait imprimer la t\u00eate de SuperNils avec une imprimante 3D. Le r\u00e9sultat : une t\u00eate de SuperNils blanche et tr\u00e8s ressemblante. La t\u00eate sera plac\u00e9e dans une bo\u00eete, avec toutes sortes de mat\u00e9riaux et d'attributs, avec lesquels vous pourrez fabriquer votre propre poup\u00e9e, c\u00e2lin ou marionnette \u00e0 main de SuperNils. Comment<\/p>\n\t\t<\/div>\n\t\t\n\t\t<a class=\"elementor-post__read-more\" href=\"https:\/\/backup.supernils.be\/fr\/2023\/12\/09\/element-10142-3-2\/\" aria-label=\"En savoir plus sur Je eigen SuperNils-pop maken\" tabindex=\"-1\" >\n\t\t\tLire la suite \"\t\t<\/a>\n\n\t\t\t\t<\/div>\n\t\t\t\t<div class=\"elementor-post__meta-data\">\n\t\t\t\t\t<span class=\"elementor-post-date\">\n\t\t\t9 d\u00e9cembre 2023\t\t<\/span>\n\t\t\t\t<\/div>\n\t\t\t\t\t<\/div>\n\t\t<\/article>\n\t\t\t\t<article class=\"elementor-post elementor-grid-item post-12851 post type-post status-publish format-standard hentry category-nieuws\">\n\t\t\t<div class=\"elementor-post__card\">\n\t\t\t\t<div class=\"elementor-post__text\">\n\t\t\t\t<h3 class=\"elementor-post__title\">\n\t\t\t<a href=\"https:\/\/backup.supernils.be\/fr\/2023\/11\/30\/elementaire-12851\/\" >\n\t\t\t\tPeter Genyn\t\t\t<\/a>\n\t\t<\/h3>\n\t\t\t\t<div class=\"elementor-post__excerpt\">\n\t\t\t<p>SuperNils a un ambassadeur ... Peter Genyn Lire la suite Photo : Geert de Rycke<\/p>\n\t\t<\/div>\n\t\t\n\t\t<a class=\"elementor-post__read-more\" href=\"https:\/\/backup.supernils.be\/fr\/2023\/11\/30\/elementaire-12851\/\" aria-label=\"En savoir plus sur Peter Genyn\" tabindex=\"-1\" >\n\t\t\tLire la suite \"\t\t<\/a>\n\n\t\t\t\t<\/div>\n\t\t\t\t<div class=\"elementor-post__meta-data\">\n\t\t\t\t\t<span class=\"elementor-post-date\">\n\t\t\t30 novembre 2023\t\t<\/span>\n\t\t\t\t<\/div>\n\t\t\t\t\t<\/div>\n\t\t<\/article>\n\t\t\t\t<article class=\"elementor-post elementor-grid-item post-12801 post type-post status-publish format-standard hentry category-activiteiten category-nieuws\">\n\t\t\t<div class=\"elementor-post__card\">\n\t\t\t\t<div class=\"elementor-post__text\">\n\t\t\t\t<h3 class=\"elementor-post__title\">\n\t\t\t<a href=\"https:\/\/backup.supernils.be\/fr\/2023\/11\/29\/elementaire-12801\/\" >\n\t\t\t\tArbre SuperNils\t\t\t<\/a>\n\t\t<\/h3>\n\t\t\t\t<div class=\"elementor-post__excerpt\">\n\t\t\t<p>Le moment est venu !!! L'arbre SuperNils a \u00e9t\u00e9 plant\u00e9 ! Mercredi 29 novembre 2023 Au rapport<\/p>\n\t\t<\/div>\n\t\t\n\t\t<a class=\"elementor-post__read-more\" href=\"https:\/\/backup.supernils.be\/fr\/2023\/11\/29\/elementaire-12801\/\" aria-label=\"En savoir plus sur SuperNils-boom\" tabindex=\"-1\" >\n\t\t\tLire la suite \"\t\t<\/a>\n\n\t\t\t\t<\/div>\n\t\t\t\t<div class=\"elementor-post__meta-data\">\n\t\t\t\t\t<span class=\"elementor-post-date\">\n\t\t\t29 novembre 2023\t\t<\/span>\n\t\t\t\t<\/div>\n\t\t\t\t\t<\/div>\n\t\t<\/article>\n\t\t\t\t<\/div>\n\t\t\n\t\t\t\t<div class=\"e-load-more-anchor\" data-page=\"1\" data-max-page=\"2\" data-next-page=\"https:\/\/backup.supernils.be\/fr\/wp-json\/wp\/v2\/pages\/7154\/page\/2\/\"><\/div>\n\t\t\t\t<nav class=\"elementor-pagination\" aria-label=\"Pagination\">\n\t\t\t<span aria-current=\"page\" class=\"page-numbers current\"><span class=\"elementor-screen-only\">Page<\/span>1<\/span>\n<a class=\"page-numbers\" href=\"https:\/\/backup.supernils.be\/fr\/wp-json\/wp\/v2\/pages\/7154\/page\/2\/\"><span class=\"elementor-screen-only\">Page<\/span>2<\/a>\t\t<\/nav>\n\t\t\t\t\t\t<\/div>\n\t\t\t\t<\/div>\n\t\t\t\t\t<\/div>\n\t\t\t\t<\/div>\n\t\t<div class=\"elementor-element elementor-element-7f1d2a9 e-flex e-con-boxed e-con e-parent\" data-id=\"7f1d2a9\" data-element_type=\"container\">\n\t\t\t\t\t<div class=\"e-con-inner\">\n\t\t\t\t<div class=\"elementor-element elementor-element-8acf817 elementor-widget elementor-widget-spacer\" data-id=\"8acf817\" data-element_type=\"widget\" data-widget_type=\"spacer.default\">\n\t\t\t\t<div class=\"elementor-widget-container\">\n\t\t\t\t\t\t\t<div class=\"elementor-spacer\">\n\t\t\t<div class=\"elementor-spacer-inner\"><\/div>\n\t\t<\/div>\n\t\t\t\t\t\t<\/div>\n\t\t\t\t<\/div>\n\t\t\t\t\t<\/div>\n\t\t\t\t<\/div>\n\t\t\t\t<\/div>","protected":false},"excerpt":{"rendered":"<p>SuperNils&#8217; nieuwsoverzicht Blijf op de hoogte van het reilen en zeilen van onze organisatie Vzw SuperNils houdt je graag op de hoogte van haar werking. Zodra er iets in de pers verschijnt, zal je dit ook hier terugvinden. Maandelijks verschijnt er een nieuwsbrief met weetjes en berichten. Nemen we deel aan een activiteit, dan lees [&hellip;]<\/p>","protected":false},"author":2,"featured_media":0,"parent":0,"menu_order":0,"comment_status":"closed","ping_status":"closed","template":"elementor_header_footer","meta":{"_themeisle_gutenberg_block_has_review":false,"footnotes":""},"class_list":["post-7154","page","type-page","status-publish","hentry"],"_links":{"self":[{"href":"https:\/\/backup.supernils.be\/fr\/wp-json\/wp\/v2\/pages\/7154","targetHints":{"allow":["GET"]}}],"collection":[{"href":"https:\/\/backup.supernils.be\/fr\/wp-json\/wp\/v2\/pages"}],"about":[{"href":"https:\/\/backup.supernils.be\/fr\/wp-json\/wp\/v2\/types\/page"}],"author":[{"embeddable":true,"href":"https:\/\/backup.supernils.be\/fr\/wp-json\/wp\/v2\/users\/2"}],"replies":[{"embeddable":true,"href":"https:\/\/backup.supernils.be\/fr\/wp-json\/wp\/v2\/comments?post=7154"}],"version-history":[{"count":137,"href":"https:\/\/backup.supernils.be\/fr\/wp-json\/wp\/v2\/pages\/7154\/revisions"}],"predecessor-version":[{"id":16227,"href":"https:\/\/backup.supernils.be\/fr\/wp-json\/wp\/v2\/pages\/7154\/revisions\/16227"}],"wp:attachment":[{"href":"https:\/\/backup.supernils.be\/fr\/wp-json\/wp\/v2\/media?parent=7154"}],"curies":[{"name":"wp","href":"https:\/\/api.w.org\/{rel}","templated":true}]}}