{"id":13498,"date":"2024-01-31T23:35:03","date_gmt":"2024-01-31T22:35:03","guid":{"rendered":"https:\/\/backup.supernils.be\/?page_id=13498"},"modified":"2024-01-31T23:38:34","modified_gmt":"2024-01-31T22:38:34","slug":"evaluatieformulier-zorgpersoneel","status":"publish","type":"page","link":"https:\/\/backup.supernils.be\/fr\/formulaire-devaluation-du-personnel-de-sante\/","title":{"rendered":"Formulaire d'\u00e9valuation du personnel soignant"},"content":{"rendered":"<div data-elementor-type=\"wp-page\" data-elementor-id=\"13498\" class=\"elementor elementor-13498\" data-elementor-post-type=\"page\">\n\t\t\t\t<div class=\"elementor-element elementor-element-58f1294 e-flex e-con-boxed e-con e-parent\" data-id=\"58f1294\" data-element_type=\"container\">\n\t\t\t\t\t<div class=\"e-con-inner\">\n\t\t\t\t<div class=\"elementor-element elementor-element-943593d elementor-widget elementor-widget-spacer\" data-id=\"943593d\" data-element_type=\"widget\" data-widget_type=\"spacer.default\">\n\t\t\t\t<div class=\"elementor-widget-container\">\n\t\t\t\t\t\t\t<div class=\"elementor-spacer\">\n\t\t\t<div class=\"elementor-spacer-inner\"><\/div>\n\t\t<\/div>\n\t\t\t\t\t\t<\/div>\n\t\t\t\t<\/div>\n\t\t\t\t<div class=\"elementor-element elementor-element-d2fbc4d elementor-widget elementor-widget-heading\" data-id=\"d2fbc4d\" data-element_type=\"widget\" data-widget_type=\"heading.default\">\n\t\t\t\t<div class=\"elementor-widget-container\">\n\t\t\t\t\t<h2 class=\"elementor-heading-title elementor-size-default\">Formulaire d'\u00e9valuation du personnel soignant<\/h2>\t\t\t\t<\/div>\n\t\t\t\t<\/div>\n\t\t\t\t<div class=\"elementor-element elementor-element-9145d04 elementor-widget elementor-widget-wpforms\" data-id=\"9145d04\" data-element_type=\"widget\" data-widget_type=\"wpforms.default\">\n\t\t\t\t<div class=\"elementor-widget-container\">\n\t\t\t\t\t<div class=\"wpforms-container wpforms-container-full\" id=\"wpforms-13493\"><form id=\"wpforms-form-13493\" class=\"wpforms-validate wpforms-form wpforms-ajax-form\" data-formid=\"13493\" method=\"post\" enctype=\"multipart\/form-data\" action=\"\/fr\/wp-json\/wp\/v2\/pages\/13498\" data-token=\"3ac96da830b0467c6cbef3089e15aad4\" data-token-time=\"1778950831\" data-trp-original-action=\"\/fr\/wp-json\/wp\/v2\/pages\/13498\"><noscript class=\"wpforms-error-noscript\">Veuillez activer JavaScript dans votre navigateur pour remplir ce formulaire.<\/noscript><div class=\"wpforms-field-container\"><div id=\"wpforms-13493-field_1-container\" class=\"wpforms-field wpforms-field-name\" data-field-id=\"1\"><label class=\"wpforms-field-label\" for=\"wpforms-13493-field_1\">Je suis ... <span class=\"wpforms-required-label\">*<\/span><\/label><div class=\"wpforms-field-row wpforms-field-large\"><div class=\"wpforms-field-row-block wpforms-first wpforms-one-half\"><input type=\"text\" id=\"wpforms-13493-field_1\" class=\"wpforms-field-name-first wpforms-field-required\" name=\"wpforms[fields][1][first]\" required><label for=\"wpforms-13493-field_1\" class=\"wpforms-field-sublabel after\">Pr\u00e9nom<\/label><\/div><div class=\"wpforms-field-row-block wpforms-one-half\"><input type=\"text\" id=\"wpforms-13493-field_1-last\" class=\"wpforms-field-name-last wpforms-field-required\" name=\"wpforms[fields][1][last]\" required><label for=\"wpforms-13493-field_1-last\" class=\"wpforms-field-sublabel after\">Nom<\/label><\/div><\/div><\/div><div id=\"wpforms-13493-field_11-container\" class=\"wpforms-field wpforms-field-select wpforms-field-select-style-classic\" data-field-id=\"11\"><label class=\"wpforms-field-label\" for=\"wpforms-13493-field_11\">Mon poste est ... <span class=\"wpforms-required-label\">*<\/span><\/label><select id=\"wpforms-13493-field_11\" class=\"wpforms-field-medium wpforms-field-required\" name=\"wpforms[fields][11]\" required=\"required\"><option value=\"Verplegend personeel\" >Personnel infirmier<\/option><option value=\"Opvoeder\" >\u00c9ducateur<\/option><option value=\"Kinesist\" >Kin\u00e9siste<\/option><option value=\"Di\u00ebtiste\" >Di\u00e9t\u00e9ticien<\/option><option value=\"Psycholoog\" >Psychologue<\/option><option value=\"Arts\" >M\u00e9decin<\/option><option value=\"Andere\" >Autres<\/option><\/select><\/div><div id=\"wpforms-13493-field_2-container\" class=\"wpforms-field wpforms-field-select wpforms-field-select-style-classic\" data-field-id=\"2\"><label class=\"wpforms-field-label\" for=\"wpforms-13493-field_2\">Il existe une demande pour la bo\u00eete \u00e0 mouvement ... <span class=\"wpforms-required-label\">*<\/span><\/label><select id=\"wpforms-13493-field_2\" class=\"wpforms-field-medium wpforms-field-required\" name=\"wpforms[fields][2]\" required=\"required\"><option value=\"Zeer veel\" >Beaucoup<\/option><option value=\"Veel\" >Nombreux<\/option><option value=\"Regelmatig\" >R\u00e9guli\u00e8re<\/option><option value=\"Weinig\" >Peu<\/option><option value=\"Nooit\" >Jamais<\/option><\/select><\/div><div id=\"wpforms-13493-field_3-container\" class=\"wpforms-field wpforms-field-select wpforms-field-select-style-classic\" data-field-id=\"3\"><label class=\"wpforms-field-label\" for=\"wpforms-13493-field_3\">Je trouve que la qualit\u00e9 des mat\u00e9riaux propos\u00e9s ...<\/label><select id=\"wpforms-13493-field_3\" class=\"wpforms-field-medium\" name=\"wpforms[fields][3]\"><option value=\"5\" >5<\/option><option value=\"4\" >4<\/option><option value=\"3\" >3<\/option><option value=\"2\" >2<\/option><option value=\"1\" >1<\/option><\/select><div class=\"wpforms-field-description\">5 est tr\u00e8s bon et 1 est mauvais.<\/div><\/div><div id=\"wpforms-13493-field_4-container\" class=\"wpforms-field wpforms-field-select wpforms-field-select-style-classic\" data-field-id=\"4\"><label class=\"wpforms-field-label\" for=\"wpforms-13493-field_4\">Je trouve les cartes de mouvement claires et compl\u00e8tes ...<\/label><select id=\"wpforms-13493-field_4\" class=\"wpforms-field-medium\" name=\"wpforms[fields][4]\"><option value=\"5\" >5<\/option><option value=\"4\" >4<\/option><option value=\"3\" >3<\/option><option value=\"2\" >2<\/option><option value=\"1\" >1<\/option><\/select><div class=\"wpforms-field-description\">5 correspond \u00e0 un oui d\u00e9finitif et 1 \u00e0 un non d\u00e9finitif.<\/div><\/div><div id=\"wpforms-13493-field_7-container\" class=\"wpforms-field wpforms-field-select wpforms-field-select-style-classic\" data-field-id=\"7\"><label class=\"wpforms-field-label\" for=\"wpforms-13493-field_7\">Le patient peut commencer sans aide avec cette bo\u00eete de mouvement ... <span class=\"wpforms-required-label\">*<\/span><\/label><select id=\"wpforms-13493-field_7\" class=\"wpforms-field-medium wpforms-field-required\" name=\"wpforms[fields][7]\" required=\"required\"><option value=\"5\" >5<\/option><option value=\"4\" >4<\/option><option value=\"3\" >3<\/option><option value=\"2\" >2<\/option><option value=\"1\" >1<\/option><\/select><div class=\"wpforms-field-description\">5 correspond \u00e0 un oui d\u00e9finitif et 1 \u00e0 un non d\u00e9finitif.<\/div><\/div><div id=\"wpforms-13493-field_12-container\" class=\"wpforms-field wpforms-field-select wpforms-field-select-style-classic\" data-field-id=\"12\"><label class=\"wpforms-field-label\" for=\"wpforms-13493-field_12\">La pression sur le personnel est ... <span class=\"wpforms-required-label\">*<\/span><\/label><select id=\"wpforms-13493-field_12\" class=\"wpforms-field-medium wpforms-field-required\" name=\"wpforms[fields][12]\" required=\"required\"><option value=\"te hoog\" >trop \u00e9lev\u00e9<\/option><option value=\"ok\" >ok<\/option><option value=\"er is geen druk\" >il n'y a pas de pression<\/option><\/select><\/div><\/div><!-- .wpforms-field-container --><div class=\"wpforms-submit-container\" ><input type=\"hidden\" name=\"wpforms[id]\" value=\"13493\"><input type=\"hidden\" name=\"page_title\" value=\"\"><input type=\"hidden\" name=\"page_url\" value=\"https:\/\/backup.supernils.be\/fr\/wp-json\/wp\/v2\/pages\/13498\"><button type=\"submit\" name=\"wpforms[submit]\" id=\"wpforms-submit-13493\" class=\"wpforms-submit\" data-alt-text=\"Versturen\" data-submit-text=\"Ik stuur mijn evaluatie door ...\" aria-live=\"assertive\" value=\"wpforms-submit\">Je vous fais parvenir mon \u00e9valuation ...<\/button><img decoding=\"async\" src=\"https:\/\/backup.supernils.be\/wp-content\/plugins\/wpforms\/assets\/images\/submit-spin.svg\" class=\"wpforms-submit-spinner\" style=\"display: none;\" width=\"26\" height=\"26\" alt=\"Chargement en cours\"><\/div><input type=\"hidden\" name=\"trp-form-language\" value=\"fr\"\/><\/form><\/div>  <!-- .wpforms-container -->\t\t\t\t<\/div>\n\t\t\t\t<\/div>\n\t\t\t\t\t<\/div>\n\t\t\t\t<\/div>\n\t\t<div class=\"elementor-element elementor-element-918cb59 e-flex e-con-boxed e-con e-parent\" data-id=\"918cb59\" data-element_type=\"container\">\n\t\t\t\t\t<div class=\"e-con-inner\">\n\t\t\t\t<div class=\"elementor-element elementor-element-9af5118 elementor-widget elementor-widget-spacer\" data-id=\"9af5118\" data-element_type=\"widget\" data-widget_type=\"spacer.default\">\n\t\t\t\t<div class=\"elementor-widget-container\">\n\t\t\t\t\t\t\t<div class=\"elementor-spacer\">\n\t\t\t<div class=\"elementor-spacer-inner\"><\/div>\n\t\t<\/div>\n\t\t\t\t\t\t<\/div>\n\t\t\t\t<\/div>\n\t\t\t\t\t<\/div>\n\t\t\t\t<\/div>\n\t\t\t\t<\/div>","protected":false},"excerpt":{"rendered":"<p>Formulaire d'\u00e9valuation du personnel soignant Activez JavaScript dans votre navigateur pour remplir ce formulaire.Je suis ... *Pr\u00e9nomNomMa fonction est ... *InfirmierEducateurKin\u00e9sisteDi\u00e9t\u00e9ticienPsychologueArtsAutreIl y a une demande pour la bo\u00eete de mouvement ... *Tr\u00e8s souventTr\u00e8s souventR\u00e9guli\u00e8rementPeuJamaisJe trouve que la qualit\u00e9 du mat\u00e9riel offert ... 543215 est tr\u00e8s bonne et 1 est mauvaise.Je trouve que les cartes de mouvement sont claires et compl\u00e8tes ... 543215 est tout \u00e0 fait [...]<\/p>","protected":false},"author":2,"featured_media":0,"parent":0,"menu_order":0,"comment_status":"closed","ping_status":"closed","template":"","meta":{"_themeisle_gutenberg_block_has_review":false,"footnotes":""},"class_list":["post-13498","page","type-page","status-publish","hentry"],"_links":{"self":[{"href":"https:\/\/backup.supernils.be\/fr\/wp-json\/wp\/v2\/pages\/13498","targetHints":{"allow":["GET"]}}],"collection":[{"href":"https:\/\/backup.supernils.be\/fr\/wp-json\/wp\/v2\/pages"}],"about":[{"href":"https:\/\/backup.supernils.be\/fr\/wp-json\/wp\/v2\/types\/page"}],"author":[{"embeddable":true,"href":"https:\/\/backup.supernils.be\/fr\/wp-json\/wp\/v2\/users\/2"}],"replies":[{"embeddable":true,"href":"https:\/\/backup.supernils.be\/fr\/wp-json\/wp\/v2\/comments?post=13498"}],"version-history":[{"count":8,"href":"https:\/\/backup.supernils.be\/fr\/wp-json\/wp\/v2\/pages\/13498\/revisions"}],"predecessor-version":[{"id":13506,"href":"https:\/\/backup.supernils.be\/fr\/wp-json\/wp\/v2\/pages\/13498\/revisions\/13506"}],"wp:attachment":[{"href":"https:\/\/backup.supernils.be\/fr\/wp-json\/wp\/v2\/media?parent=13498"}],"curies":[{"name":"wp","href":"https:\/\/api.w.org\/{rel}","templated":true}]}}