{"id":13048,"date":"2023-12-16T22:07:27","date_gmt":"2023-12-16T21:07:27","guid":{"rendered":"https:\/\/backup.supernils.be\/?page_id=13048"},"modified":"2024-09-24T16:59:11","modified_gmt":"2024-09-24T14:59:11","slug":"mijn-sterrenkaart-digitaal","status":"publish","type":"page","link":"https:\/\/backup.supernils.be\/fr\/ma-carte-des-etoiles-numerique\/","title":{"rendered":"Mon th\u00e8me astral - num\u00e9rique"},"content":{"rendered":"<div data-elementor-type=\"wp-page\" data-elementor-id=\"13048\" class=\"elementor elementor-13048\" data-elementor-post-type=\"page\">\n\t\t\t\t<div class=\"elementor-element elementor-element-1b99179 e-flex e-con-boxed e-con e-parent\" data-id=\"1b99179\" data-element_type=\"container\">\n\t\t\t\t\t<div class=\"e-con-inner\">\n\t\t\t\t<div class=\"elementor-element elementor-element-41387ec elementor-widget elementor-widget-spacer\" data-id=\"41387ec\" data-element_type=\"widget\" data-widget_type=\"spacer.default\">\n\t\t\t\t<div class=\"elementor-widget-container\">\n\t\t\t\t\t\t\t<div class=\"elementor-spacer\">\n\t\t\t<div class=\"elementor-spacer-inner\"><\/div>\n\t\t<\/div>\n\t\t\t\t\t\t<\/div>\n\t\t\t\t<\/div>\n\t\t\t\t\t<\/div>\n\t\t\t\t<\/div>\n\t\t<div class=\"elementor-element elementor-element-61f66636 e-con-full e-flex e-con e-parent\" data-id=\"61f66636\" data-element_type=\"container\" data-settings=\"{&quot;background_background&quot;:&quot;classic&quot;,&quot;shape_divider_bottom&quot;:&quot;drops&quot;}\">\n\t\t\t\t<div class=\"elementor-shape elementor-shape-bottom\" data-negative=\"false\">\n\t\t\t<svg xmlns=\"http:\/\/www.w3.org\/2000\/svg\" height=\"100%\" viewbox=\"0 0 283.5 27.8\" preserveaspectratio=\"xMidYMax slice\">\n\t<path class=\"elementor-shape-fill\" d=\"M0 0v1.4c.6.7 1.1 1.4 1.4 2 2 3.8 2.2 6.6 1.8 10.8-.3 3.3-2.4 9.4 0 12.3 1.7 2 3.7 1.4 4.6-.9 1.4-3.8-.7-8.2-.6-12 .1-3.7 3.2-5.5 6.9-4.9 4 .6 4.8 4 4.9 7.4.1 1.8-1.1 7 0 8.5.6.8 1.6 1.2 2.4.5 1.4-1.1.1-5.4.1-6.9.1-3.7.3-8.6 4.1-10.5 5-2.5 6.2 1.6 5.4 5.6-.4 1.7-1 9.2 2.9 6.3 1.5-1.1.7-3.5.5-4.9-.4-2.4-.4-4.3 1-6.5.9-1.4 2.4-3.1 4.2-3 2.4.1 2.7 2.2 4 3.7 1.5 1.8 1.8 2.2 3 .1 1.1-1.9 1.2-2.8 3.6-3.3 1.3-.3 4.8-1.4 5.9-.5 1.5 1.1.6 2.8.4 4.3-.2 1.1-.6 4 1.8 3.4 1.7-.4-.3-4.1.6-5.6 1.3-2.2 5.8-1.4 7 .5 1.3 2.1.5 5.8.1 8.1s-1.2 5-.6 7.4c1.3 5.1 4.4.9 4.3-2.4-.1-4.4-2-8.8-.5-13 .9-2.4 4.6-6.6 7.7-4.5 2.7 1.8.5 7.8.2 10.3-.2 1.7-.8 4.6.2 6.2.9 1.4 2 1.5 2.6-.3.5-1.5-.9-4.5-1-6.1-.2-1.7-.4-3.7.2-5.4 1.8-5.6 3.5 2.4 6.3.6 1.4-.9 4.3-9.4 6.1-3.1.6 2.2-1.3 7.8.7 8.9 4.2 2.3 1.5-7.1 2.2-8 3.1-4 4.7 3.8 6.1 4.1 3.1.7 2.8-7.9 8.1-4.5 1.7 1.1 2.9 3.3 3.2 5.2.4 2.2-1 4.5-.6 6.6 1 4.3 4.4 1.5 4.4-1.7 0-2.7-3-8.3 1.4-9.1 4.4-.9 7.3 3.5 7.8 6.9.3 2-1.5 10.9 1.3 11.3 4.1.6-3.2-15.7 4.8-15.8 4.7-.1 2.8 4.1 3.9 6.6 1 2.4 2.1 1 2.3-.8.3-1.9-.9-3.2 1.3-4.3 5.9-2.9 5.9 5.4 5.5 8.5-.3 2-1.7 8.4 2 8.1 6.9-.5-2.8-16.9 4.8-18.7 4.7-1.2 6.1 3.6 6.3 7.1.1 1.7-1.2 8.1.6 9.1 3.5 2 1.9-7 2-8.4.2-4 1.2-9.6 6.4-9.8 4.7-.2 3.2 4.6 2.7 7.5-.4 2.2 1.3 8.6 3.8 4.4 1.1-1.9-.3-4.1-.3-6 0-1.7.4-3.2 1.3-4.6 1-1.6 2.9-3.5 5.1-2.9 2.5.6 2.3 4.1 4.1 4.9 1.9.8 1.6-.9 2.3-2.1 1.2-2.1 2.1-2.1 4.4-2.4 1.4-.2 3.6-1.5 4.9-.5 2.3 1.7-.7 4.4.1 6.5.6 1.5 2.1 1.7 2.8.3.7-1.4-1.1-3.4-.3-4.8 1.4-2.5 6.2-1.2 7.2 1 2.3 4.8-3.3 12-.2 16.3 3 4.1 3.9-2.8 3.8-4.8-.4-4.3-2.1-8.9 0-13.1 1.3-2.5 5.9-5.7 7.9-2.4 2 3.2-1.3 9.8-.8 13.4.5 4.4 3.5 3.3 2.7-.8-.4-1.9-2.4-10 .6-11.1 3.7-1.4 2.8 7.2 6.5.4 2.2-4.1 4.9-3.1 5.2 1.2.1 1.5-.6 3.1-.4 4.6.2 1.9 1.8 3.7 3.3 1.3 1-1.6-2.6-10.4 2.9-7.3 2.6 1.5 1.6 6.5 4.8 2.7 1.3-1.5 1.7-3.6 4-3.7 2.2-.1 4 2.3 4.8 4.1 1.3 2.9-1.5 8.4.9 10.3 4.2 3.3 3-5.5 2.7-6.9-.6-3.9 1-7.2 5.5-5 4.1 2.1 4.3 7.7 4.1 11.6 0 .8-.6 9.5 2.5 5.2 1.2-1.7-.1-7.7.1-9.6.3-2.9 1.2-5.5 4.3-6.2 4.5-1 7.7 1.5 7.4 5.8-.2 3.5-1.8 7.7-.5 11.1 1 2.7 3.6 2.8 5 .2 1.6-3.1 0-8.3-.4-11.6-.4-4.2-.2-7 1.8-10.8 0 0-.1.1-.1.2-.2.4-.3.7-.4.8v.1c-.1.2-.1.2 0 0v-.1l.4-.8c0-.1.1-.1.1-.2.2-.4.5-.8.8-1.2V0H0zM282.7 3.4z\"\/>\n<\/svg>\t\t<\/div>\n\t\t<div class=\"elementor-element elementor-element-54885373 e-con-full e-flex e-con e-child\" data-id=\"54885373\" data-element_type=\"container\">\n\t\t\t\t<div class=\"elementor-element elementor-element-341e0973 animated-slow elementor-invisible elementor-widget elementor-widget-heading\" data-id=\"341e0973\" data-element_type=\"widget\" data-settings=\"{&quot;_animation&quot;:&quot;slideInUp&quot;}\" data-widget_type=\"heading.default\">\n\t\t\t\t<div class=\"elementor-widget-container\">\n\t\t\t\t\t<h2 class=\"elementor-heading-title elementor-size-default\">\u00c9valuation de la bo\u00eete \u00e0 mouvement - enfants<\/h2>\t\t\t\t<\/div>\n\t\t\t\t<\/div>\n\t\t\t\t<div class=\"elementor-element elementor-element-4794f5da animated-slow elementor-invisible elementor-widget elementor-widget-heading\" data-id=\"4794f5da\" data-element_type=\"widget\" data-settings=\"{&quot;_animation&quot;:&quot;slideInUp&quot;}\" data-widget_type=\"heading.default\">\n\t\t\t\t<div class=\"elementor-widget-container\">\n\t\t\t\t\t<h2 class=\"elementor-heading-title elementor-size-default\">Ensemble, nous am\u00e9liorons tout<\/h2>\t\t\t\t<\/div>\n\t\t\t\t<\/div>\n\t\t\t\t<\/div>\n\t\t<div class=\"elementor-element elementor-element-72832022 e-con-full e-flex e-con e-child\" data-id=\"72832022\" data-element_type=\"container\">\n\t\t\t\t<div class=\"elementor-element elementor-element-2f35a703 elementor-widget__width-initial elementor-widget elementor-widget-image\" data-id=\"2f35a703\" data-element_type=\"widget\" data-widget_type=\"image.default\">\n\t\t\t\t<div class=\"elementor-widget-container\">\n\t\t\t\t\t\t\t\t\t\t\t\t\t\t\t<img fetchpriority=\"high\" decoding=\"async\" width=\"745\" height=\"1054\" src=\"https:\/\/backup.supernils.be\/wp-content\/uploads\/2024\/09\/OK-001-Poster-Bewegen-met-SuperNils-poster-745x1054.png\" class=\"attachment-large size-large wp-image-15932\" alt=\"\" srcset=\"https:\/\/backup.supernils.be\/wp-content\/uploads\/2024\/09\/OK-001-Poster-Bewegen-met-SuperNils-poster-745x1054.png 745w, https:\/\/backup.supernils.be\/wp-content\/uploads\/2024\/09\/OK-001-Poster-Bewegen-met-SuperNils-poster-212x300.png 212w, https:\/\/backup.supernils.be\/wp-content\/uploads\/2024\/09\/OK-001-Poster-Bewegen-met-SuperNils-poster-768x1086.png 768w, https:\/\/backup.supernils.be\/wp-content\/uploads\/2024\/09\/OK-001-Poster-Bewegen-met-SuperNils-poster-1086x1536.png 1086w, https:\/\/backup.supernils.be\/wp-content\/uploads\/2024\/09\/OK-001-Poster-Bewegen-met-SuperNils-poster-1448x2048.png 1448w, https:\/\/backup.supernils.be\/wp-content\/uploads\/2024\/09\/OK-001-Poster-Bewegen-met-SuperNils-poster-8x12.png 8w, https:\/\/backup.supernils.be\/wp-content\/uploads\/2024\/09\/OK-001-Poster-Bewegen-met-SuperNils-poster-299x423.png 299w, https:\/\/backup.supernils.be\/wp-content\/uploads\/2024\/09\/OK-001-Poster-Bewegen-met-SuperNils-poster-572x809.png 572w, https:\/\/backup.supernils.be\/wp-content\/uploads\/2024\/09\/OK-001-Poster-Bewegen-met-SuperNils-poster.png 1587w\" sizes=\"(max-width: 745px) 100vw, 745px\" \/>\t\t\t\t\t\t\t\t\t\t\t\t\t\t\t<\/div>\n\t\t\t\t<\/div>\n\t\t\t\t<div class=\"elementor-element elementor-element-35ab7193 elementor-widget__width-initial elementor-widget elementor-widget-image\" data-id=\"35ab7193\" data-element_type=\"widget\" data-widget_type=\"image.default\">\n\t\t\t\t<div class=\"elementor-widget-container\">\n\t\t\t\t\t\t\t\t\t\t\t\t\t\t\t<img decoding=\"async\" width=\"300\" height=\"300\" src=\"https:\/\/backup.supernils.be\/wp-content\/uploads\/2024\/09\/OK-001-Logo-SuperNils-klein.jpg\" class=\"attachment-large size-large wp-image-15565\" alt=\"\" srcset=\"https:\/\/backup.supernils.be\/wp-content\/uploads\/2024\/09\/OK-001-Logo-SuperNils-klein.jpg 300w, https:\/\/backup.supernils.be\/wp-content\/uploads\/2024\/09\/OK-001-Logo-SuperNils-klein-150x150.jpg 150w, https:\/\/backup.supernils.be\/wp-content\/uploads\/2024\/09\/OK-001-Logo-SuperNils-klein-12x12.jpg 12w, https:\/\/backup.supernils.be\/wp-content\/uploads\/2024\/09\/OK-001-Logo-SuperNils-klein-100x100.jpg 100w\" sizes=\"(max-width: 300px) 100vw, 300px\" \/>\t\t\t\t\t\t\t\t\t\t\t\t\t\t\t<\/div>\n\t\t\t\t<\/div>\n\t\t\t\t<\/div>\n\t\t\t\t<\/div>\n\t\t<div class=\"elementor-element elementor-element-7f5fa84 e-flex e-con-boxed e-con e-parent\" data-id=\"7f5fa84\" data-element_type=\"container\">\n\t\t\t\t\t<div class=\"e-con-inner\">\n\t\t\t\t<div class=\"elementor-element elementor-element-66ccff1 elementor-widget elementor-widget-spacer\" data-id=\"66ccff1\" data-element_type=\"widget\" data-widget_type=\"spacer.default\">\n\t\t\t\t<div class=\"elementor-widget-container\">\n\t\t\t\t\t\t\t<div class=\"elementor-spacer\">\n\t\t\t<div class=\"elementor-spacer-inner\"><\/div>\n\t\t<\/div>\n\t\t\t\t\t\t<\/div>\n\t\t\t\t<\/div>\n\t\t\t\t\t<\/div>\n\t\t\t\t<\/div>\n\t\t<div class=\"elementor-element elementor-element-e6e8c47 e-flex e-con-boxed e-con e-parent\" data-id=\"e6e8c47\" data-element_type=\"container\" data-settings=\"{&quot;background_background&quot;:&quot;classic&quot;}\">\n\t\t\t\t\t<div class=\"e-con-inner\">\n\t\t\t\t<div class=\"elementor-element elementor-element-cf22d94 elementor-widget elementor-widget-wpforms\" data-id=\"cf22d94\" data-element_type=\"widget\" data-widget_type=\"wpforms.default\">\n\t\t\t\t<div class=\"elementor-widget-container\">\n\t\t\t\t\t<div class=\"wpforms-container wpforms-container-full\" id=\"wpforms-13036\"><form id=\"wpforms-form-13036\" class=\"wpforms-validate wpforms-form wpforms-ajax-form\" data-formid=\"13036\" method=\"post\" enctype=\"multipart\/form-data\" action=\"\/fr\/wp-json\/wp\/v2\/pages\/13048\" data-token=\"806450859dd078365b989bf26dd0fd15\" data-token-time=\"1778963476\" data-trp-original-action=\"\/fr\/wp-json\/wp\/v2\/pages\/13048\"><noscript class=\"wpforms-error-noscript\">Veuillez activer JavaScript dans votre navigateur pour remplir ce formulaire.<\/noscript><div class=\"wpforms-field-container\"><div id=\"wpforms-13036-field_1-container\" class=\"wpforms-field wpforms-field-name\" data-field-id=\"1\"><label class=\"wpforms-field-label\" for=\"wpforms-13036-field_1\">Je suis ... <span class=\"wpforms-required-label\">*<\/span><\/label><div class=\"wpforms-field-row wpforms-field-medium\"><div class=\"wpforms-field-row-block wpforms-first wpforms-one-half\"><input type=\"text\" id=\"wpforms-13036-field_1\" class=\"wpforms-field-name-first wpforms-field-required\" name=\"wpforms[fields][1][first]\" required><label for=\"wpforms-13036-field_1\" class=\"wpforms-field-sublabel after\">Pr\u00e9nom<\/label><\/div><div class=\"wpforms-field-row-block wpforms-one-half\"><input type=\"text\" id=\"wpforms-13036-field_1-last\" class=\"wpforms-field-name-last wpforms-field-required\" name=\"wpforms[fields][1][last]\" required><label for=\"wpforms-13036-field_1-last\" class=\"wpforms-field-sublabel after\">Nom<\/label><\/div><\/div><\/div><div id=\"wpforms-13036-field_9-container\" class=\"wpforms-field wpforms-field-content\" data-field-id=\"9\"><div id=\"wpforms-13036-field_9\" class=\"wpforms-field-medium wpforms-field-row\"><p>Si vous aimez un certain mouvement, vous lui donnez beaucoup d'\u00e9toiles. Si vous l'aimez moins, vous lui donnez moins d'\u00e9toiles. De cette fa\u00e7on, nous savons quels mouvements nous devons absolument conserver et lesquels nous devrions changer. C'est ainsi que nous am\u00e9liorons la bo\u00eete \u00e0 mouvements ENSEMBLE.<\/p>\n<div class=\"wpforms-field-content-display-frontend-clear\"><\/div><\/div><\/div><div id=\"wpforms-13036-field_3-container\" class=\"wpforms-field wpforms-field-select wpforms-field-select-style-classic\" data-field-id=\"3\"><label class=\"wpforms-field-label\" for=\"wpforms-13036-field_3\">Mouvements avec les poids (halt\u00e8res). Je leur donne ...<\/label><select id=\"wpforms-13036-field_3\" class=\"wpforms-field-medium\" name=\"wpforms[fields][3]\"><option value=\"1 sterren\" >1 \u00e9toile<\/option><option value=\"2 sterren\" >2 \u00e9toiles<\/option><option value=\"3 sterren\" >3 \u00e9toiles<\/option><option value=\"4 sterren\" >4 \u00e9toiles<\/option><option value=\"5 sterren\" >5 \u00e9toiles<\/option><option value=\"6 sterren\" >6 \u00e9toiles<\/option><\/select><\/div><div id=\"wpforms-13036-field_4-container\" class=\"wpforms-field wpforms-field-select wpforms-field-select-style-classic\" data-field-id=\"4\"><label class=\"wpforms-field-label\" for=\"wpforms-13036-field_4\">Mouvements avec le ballon de fitness. Je leur donne ... <\/label><select id=\"wpforms-13036-field_4\" class=\"wpforms-field-medium\" name=\"wpforms[fields][4]\"><option value=\"1 sterren\" >1 \u00e9toile<\/option><option value=\"2 sterren\" >2 \u00e9toiles<\/option><option value=\"3 sterren\" >3 \u00e9toiles<\/option><option value=\"4 sterren\" >4 \u00e9toiles<\/option><option value=\"5 sterren\" >5 \u00e9toiles<\/option><option value=\"6 sterren\" >6 \u00e9toiles<\/option><\/select><\/div><div id=\"wpforms-13036-field_5-container\" class=\"wpforms-field wpforms-field-select wpforms-field-select-style-classic\" data-field-id=\"5\"><label class=\"wpforms-field-label\" for=\"wpforms-13036-field_5\">Mouvements avec la bande de r\u00e9sistance. Je leur donne ... <\/label><select id=\"wpforms-13036-field_5\" class=\"wpforms-field-medium\" name=\"wpforms[fields][5]\"><option value=\"1 sterren\" >1 \u00e9toile<\/option><option value=\"2 sterren\" >2 \u00e9toiles<\/option><option value=\"3 sterren\" >3 \u00e9toiles<\/option><option value=\"4 sterren\" >4 \u00e9toiles<\/option><option value=\"5 sterren\" >5 \u00e9toiles<\/option><option value=\"6 sterren\" >6 \u00e9toiles<\/option><\/select><\/div><div id=\"wpforms-13036-field_6-container\" class=\"wpforms-field wpforms-field-select wpforms-field-select-style-classic\" data-field-id=\"6\"><label class=\"wpforms-field-label\" for=\"wpforms-13036-field_6\">Mouvements avec la corde \u00e0 sauter. Je leur donne ...<\/label><select id=\"wpforms-13036-field_6\" class=\"wpforms-field-medium\" name=\"wpforms[fields][6]\"><option value=\"1 sterren\" >1 \u00e9toile<\/option><option value=\"2 sterren\" >2 \u00e9toiles<\/option><option value=\"3 sterren\" >3 \u00e9toiles<\/option><option value=\"4 sterren\" >4 \u00e9toiles<\/option><option value=\"5 sterren\" >5 \u00e9toiles<\/option><option value=\"6 sterren\" >6 \u00e9toiles<\/option><\/select><\/div><div id=\"wpforms-13036-field_7-container\" class=\"wpforms-field wpforms-field-select wpforms-field-select-style-classic\" data-field-id=\"7\"><label class=\"wpforms-field-label\" for=\"wpforms-13036-field_7\">Mouvements avec l'entra\u00eenement des doigts et des mains. Je leur donne ... <\/label><select id=\"wpforms-13036-field_7\" class=\"wpforms-field-medium\" name=\"wpforms[fields][7]\"><option value=\"1 sterren\" >1 \u00e9toile<\/option><option value=\"2 sterren\" >2 \u00e9toiles<\/option><option value=\"3 sterren\" >3 \u00e9toiles<\/option><option value=\"4 sterren\" >4 \u00e9toiles<\/option><option value=\"5 sterren\" >5 \u00e9toiles<\/option><option value=\"6 sterren\" >6 \u00e9toiles<\/option><\/select><\/div><\/div><!-- .wpforms-field-container --><div class=\"wpforms-submit-container\" ><input type=\"hidden\" name=\"wpforms[id]\" value=\"13036\"><input type=\"hidden\" name=\"page_title\" value=\"\"><input type=\"hidden\" name=\"page_url\" value=\"https:\/\/backup.supernils.be\/fr\/wp-json\/wp\/v2\/pages\/13048\"><button type=\"submit\" name=\"wpforms[submit]\" id=\"wpforms-submit-13036\" class=\"wpforms-submit\" data-alt-text=\"Versturen\" data-submit-text=\"Ik stuur mijn sterren in ...\" aria-live=\"assertive\" value=\"wpforms-submit\">J'envoie mes \u00e9toiles ...<\/button><img decoding=\"async\" src=\"https:\/\/backup.supernils.be\/wp-content\/plugins\/wpforms\/assets\/images\/submit-spin.svg\" class=\"wpforms-submit-spinner\" style=\"display: none;\" width=\"26\" height=\"26\" alt=\"Chargement en cours\"><\/div><input type=\"hidden\" name=\"trp-form-language\" value=\"fr\"\/><\/form><\/div>  <!-- .wpforms-container -->\t\t\t\t<\/div>\n\t\t\t\t<\/div>\n\t\t\t\t\t<\/div>\n\t\t\t\t<\/div>\n\t\t<div class=\"elementor-element elementor-element-d956587 e-flex e-con-boxed e-con e-parent\" data-id=\"d956587\" data-element_type=\"container\">\n\t\t\t\t\t<div class=\"e-con-inner\">\n\t\t\t\t<div class=\"elementor-element elementor-element-6b994ff elementor-widget elementor-widget-spacer\" data-id=\"6b994ff\" data-element_type=\"widget\" data-widget_type=\"spacer.default\">\n\t\t\t\t<div class=\"elementor-widget-container\">\n\t\t\t\t\t\t\t<div class=\"elementor-spacer\">\n\t\t\t<div class=\"elementor-spacer-inner\"><\/div>\n\t\t<\/div>\n\t\t\t\t\t\t<\/div>\n\t\t\t\t<\/div>\n\t\t\t\t\t<\/div>\n\t\t\t\t<\/div>\n\t\t\t\t<\/div>","protected":false},"excerpt":{"rendered":"<p>Bo\u00eete d'\u00e9valuation du mouvement - enfants Ensemble, nous am\u00e9liorons tout Activez JavaScript dans votre navigateur pour remplir ce formulaire.Je suis ... *Pr\u00e9nom Nom Vous aimez un certain mouvement, alors vous lui donnez beaucoup d'\u00e9toiles. Si vous les aimez moins, vous leur donnez moins d'\u00e9toiles. C'est ainsi que nous savons quels mouvements nous devons absolument garder [...]<\/p>","protected":false},"author":2,"featured_media":0,"parent":0,"menu_order":0,"comment_status":"closed","ping_status":"closed","template":"","meta":{"_themeisle_gutenberg_block_has_review":false,"footnotes":""},"class_list":["post-13048","page","type-page","status-publish","hentry"],"_links":{"self":[{"href":"https:\/\/backup.supernils.be\/fr\/wp-json\/wp\/v2\/pages\/13048","targetHints":{"allow":["GET"]}}],"collection":[{"href":"https:\/\/backup.supernils.be\/fr\/wp-json\/wp\/v2\/pages"}],"about":[{"href":"https:\/\/backup.supernils.be\/fr\/wp-json\/wp\/v2\/types\/page"}],"author":[{"embeddable":true,"href":"https:\/\/backup.supernils.be\/fr\/wp-json\/wp\/v2\/users\/2"}],"replies":[{"embeddable":true,"href":"https:\/\/backup.supernils.be\/fr\/wp-json\/wp\/v2\/comments?post=13048"}],"version-history":[{"count":11,"href":"https:\/\/backup.supernils.be\/fr\/wp-json\/wp\/v2\/pages\/13048\/revisions"}],"predecessor-version":[{"id":16221,"href":"https:\/\/backup.supernils.be\/fr\/wp-json\/wp\/v2\/pages\/13048\/revisions\/16221"}],"wp:attachment":[{"href":"https:\/\/backup.supernils.be\/fr\/wp-json\/wp\/v2\/media?parent=13048"}],"curies":[{"name":"wp","href":"https:\/\/api.w.org\/{rel}","templated":true}]}}