{"id":12878,"date":"2023-12-06T09:23:54","date_gmt":"2023-12-06T08:23:54","guid":{"rendered":"https:\/\/backup.supernils.be\/?page_id=12878"},"modified":"2023-12-06T09:29:14","modified_gmt":"2023-12-06T08:29:14","slug":"elementor-12878","status":"publish","type":"page","link":"https:\/\/backup.supernils.be\/fr\/elementaire-12878\/","title":{"rendered":"Feuille d'\u00e9margement groupe de parole Winch - 14 mars 2024"},"content":{"rendered":"<div data-elementor-type=\"wp-page\" data-elementor-id=\"12878\" class=\"elementor elementor-12878\" data-elementor-post-type=\"page\">\n\t\t\t\t<div class=\"elementor-element elementor-element-947aa97 e-flex e-con-boxed e-con e-parent\" data-id=\"947aa97\" data-element_type=\"container\">\n\t\t\t\t\t<div class=\"e-con-inner\">\n\t\t\t\t<div class=\"elementor-element elementor-element-e283f68 elementor-widget elementor-widget-spacer\" data-id=\"e283f68\" data-element_type=\"widget\" data-widget_type=\"spacer.default\">\n\t\t\t\t<div class=\"elementor-widget-container\">\n\t\t\t\t\t\t\t<div class=\"elementor-spacer\">\n\t\t\t<div class=\"elementor-spacer-inner\"><\/div>\n\t\t<\/div>\n\t\t\t\t\t\t<\/div>\n\t\t\t\t<\/div>\n\t\t\t\t<div class=\"elementor-element elementor-element-2b4272b elementor-widget elementor-widget-heading\" data-id=\"2b4272b\" data-element_type=\"widget\" data-widget_type=\"heading.default\">\n\t\t\t\t<div class=\"elementor-widget-container\">\n\t\t\t\t\t<h2 class=\"elementor-heading-title elementor-size-default\">Feuille d'\u00e9margement groupe de parole \"Lyre\" - Jeudi 14 mars 2024<\/h2>\t\t\t\t<\/div>\n\t\t\t\t<\/div>\n\t\t\t\t<div class=\"elementor-element elementor-element-63fd67d elementor-widget elementor-widget-spacer\" data-id=\"63fd67d\" data-element_type=\"widget\" data-widget_type=\"spacer.default\">\n\t\t\t\t<div class=\"elementor-widget-container\">\n\t\t\t\t\t\t\t<div class=\"elementor-spacer\">\n\t\t\t<div class=\"elementor-spacer-inner\"><\/div>\n\t\t<\/div>\n\t\t\t\t\t\t<\/div>\n\t\t\t\t<\/div>\n\t\t\t\t<div class=\"elementor-element elementor-element-99c1f2f elementor-widget elementor-widget-wpforms\" data-id=\"99c1f2f\" data-element_type=\"widget\" data-widget_type=\"wpforms.default\">\n\t\t\t\t<div class=\"elementor-widget-container\">\n\t\t\t\t\t<div class=\"wpforms-container wpforms-container-full\" id=\"wpforms-12401\"><form id=\"wpforms-form-12401\" class=\"wpforms-validate wpforms-form wpforms-ajax-form\" data-formid=\"12401\" method=\"post\" enctype=\"multipart\/form-data\" action=\"\/fr\/wp-json\/wp\/v2\/pages\/12878\" data-token=\"dea636e57acc181ca85e932b203217a7\" data-token-time=\"1778916026\" data-trp-original-action=\"\/fr\/wp-json\/wp\/v2\/pages\/12878\"><noscript class=\"wpforms-error-noscript\">Veuillez activer JavaScript dans votre navigateur pour remplir ce formulaire.<\/noscript><div class=\"wpforms-field-container\"><div id=\"wpforms-12401-field_1-container\" class=\"wpforms-field wpforms-field-content\" data-field-id=\"1\"><div id=\"wpforms-12401-field_1\" class=\"wpforms-field-medium wpforms-field-row\"><h4>Groupe de parole pour <span style=\"text-decoration: underline\">personnes aim\u00e9es<\/span> de patients atteints d'un cancer h\u00e9matologique<\/h4>\n<p>Localisation : <strong>GLOED<\/strong> - Antwerpsestraat 126 \u00e0 2500 Lier<\/p>\n<p>Nombre maximum de participants : <span style=\"color: #ff0000\"><strong>15<span style=\"color: #000000\">&nbsp;<\/span><\/strong><span style=\"color: #000000\">(S'il y a plus de 15 participants, une liste de r\u00e9serve sera \u00e9tablie - l'ordre sera d\u00e9termin\u00e9 par la date et l'heure de l'inscription).<\/span><\/span><\/p>\n<div class=\"wpforms-field-content-display-frontend-clear\"><\/div><\/div><\/div><div id=\"wpforms-12401-field_2-container\" class=\"wpforms-field wpforms-field-name\" data-field-id=\"2\"><label class=\"wpforms-field-label\" for=\"wpforms-12401-field_2\">Qui \u00eates-vous ? <span class=\"wpforms-required-label\">*<\/span><\/label><div class=\"wpforms-field-row wpforms-field-medium\"><div class=\"wpforms-field-row-block wpforms-first wpforms-one-half\"><input type=\"text\" id=\"wpforms-12401-field_2\" class=\"wpforms-field-name-first wpforms-field-required\" name=\"wpforms[fields][2][first]\" required><label for=\"wpforms-12401-field_2\" class=\"wpforms-field-sublabel after\">Pr\u00e9nom<\/label><\/div><div class=\"wpforms-field-row-block wpforms-one-half\"><input type=\"text\" id=\"wpforms-12401-field_2-last\" class=\"wpforms-field-name-last wpforms-field-required\" name=\"wpforms[fields][2][last]\" required><label for=\"wpforms-12401-field_2-last\" class=\"wpforms-field-sublabel after\">Nom<\/label><\/div><\/div><\/div><div id=\"wpforms-12401-field_3-container\" class=\"wpforms-field wpforms-field-phone\" data-field-id=\"3\"><label class=\"wpforms-field-label\" for=\"wpforms-12401-field_3\">Comment pouvons-nous vous joindre ? <span class=\"wpforms-required-label\">*<\/span><\/label><input type=\"tel\" id=\"wpforms-12401-field_3\" class=\"wpforms-field-medium wpforms-field-required wpforms-smart-phone-field\" data-rule-smart-phone-field=\"true\" name=\"wpforms[fields][3]\" required><div class=\"wpforms-field-description\">T\u00e9l\u00e9phone<\/div><\/div><div id=\"wpforms-12401-field_4-container\" class=\"wpforms-field wpforms-field-email\" data-field-id=\"4\"><label class=\"wpforms-field-label\" for=\"wpforms-12401-field_4\">Avez-vous \u00e9galement une adresse postale ? <span class=\"wpforms-required-label\">*<\/span><\/label><input type=\"email\" id=\"wpforms-12401-field_4\" class=\"wpforms-field-medium wpforms-field-required\" name=\"wpforms[fields][4]\" spellcheck=\"false\" required><\/div><\/div><!-- .wpforms-field-container --><div class=\"wpforms-submit-container\" ><input type=\"hidden\" name=\"wpforms[id]\" value=\"12401\"><input type=\"hidden\" name=\"page_title\" value=\"\"><input type=\"hidden\" name=\"page_url\" value=\"https:\/\/backup.supernils.be\/fr\/wp-json\/wp\/v2\/pages\/12878\"><button type=\"submit\" name=\"wpforms[submit]\" id=\"wpforms-submit-12401\" class=\"wpforms-submit\" data-alt-text=\"Indienen\" data-submit-text=\"Ik reserveer mijn plekje\" aria-live=\"assertive\" value=\"wpforms-submit\">Je r\u00e9serve ma place<\/button><img decoding=\"async\" src=\"https:\/\/backup.supernils.be\/wp-content\/plugins\/wpforms\/assets\/images\/submit-spin.svg\" class=\"wpforms-submit-spinner\" style=\"display: none;\" width=\"26\" height=\"26\" alt=\"Chargement en cours\"><\/div><input type=\"hidden\" name=\"trp-form-language\" value=\"fr\"\/><\/form><\/div>  <!-- .wpforms-container -->\t\t\t\t<\/div>\n\t\t\t\t<\/div>\n\t\t\t\t<div class=\"elementor-element elementor-element-34a8ef9 elementor-widget elementor-widget-spacer\" data-id=\"34a8ef9\" data-element_type=\"widget\" data-widget_type=\"spacer.default\">\n\t\t\t\t<div class=\"elementor-widget-container\">\n\t\t\t\t\t\t\t<div class=\"elementor-spacer\">\n\t\t\t<div class=\"elementor-spacer-inner\"><\/div>\n\t\t<\/div>\n\t\t\t\t\t\t<\/div>\n\t\t\t\t<\/div>\n\t\t\t\t\t<\/div>\n\t\t\t\t<\/div>\n\t\t\t\t<\/div>","protected":false},"excerpt":{"rendered":"<p>Formulaire d'inscription groupe de parole \"Lier\" - jeudi 14 mars 2024 Veuillez activer JavaScript dans votre navigateur pour remplir ce formulaire. Groupe de parole pour les proches de patients atteints d'un cancer h\u00e9matologique Lieu : GLOED - Antwerpsestraat 126 \u00e0 2500 Lier Nombre maximum de participants : 15 (s'il y a plus de 15 participants, une liste de r\u00e9serve sera \u00e9tablie - l'ordre sera d\u00e9termin\u00e9 [...]<\/p>","protected":false},"author":2,"featured_media":0,"parent":0,"menu_order":0,"comment_status":"closed","ping_status":"closed","template":"","meta":{"_themeisle_gutenberg_block_has_review":false,"footnotes":""},"class_list":["post-12878","page","type-page","status-publish","hentry"],"_links":{"self":[{"href":"https:\/\/backup.supernils.be\/fr\/wp-json\/wp\/v2\/pages\/12878","targetHints":{"allow":["GET"]}}],"collection":[{"href":"https:\/\/backup.supernils.be\/fr\/wp-json\/wp\/v2\/pages"}],"about":[{"href":"https:\/\/backup.supernils.be\/fr\/wp-json\/wp\/v2\/types\/page"}],"author":[{"embeddable":true,"href":"https:\/\/backup.supernils.be\/fr\/wp-json\/wp\/v2\/users\/2"}],"replies":[{"embeddable":true,"href":"https:\/\/backup.supernils.be\/fr\/wp-json\/wp\/v2\/comments?post=12878"}],"version-history":[{"count":5,"href":"https:\/\/backup.supernils.be\/fr\/wp-json\/wp\/v2\/pages\/12878\/revisions"}],"predecessor-version":[{"id":12883,"href":"https:\/\/backup.supernils.be\/fr\/wp-json\/wp\/v2\/pages\/12878\/revisions\/12883"}],"wp:attachment":[{"href":"https:\/\/backup.supernils.be\/fr\/wp-json\/wp\/v2\/media?parent=12878"}],"curies":[{"name":"wp","href":"https:\/\/api.w.org\/{rel}","templated":true}]}}